{"id":88,"date":"2020-11-10T16:51:02","date_gmt":"2020-11-10T19:51:02","guid":{"rendered":"http:\/\/trabajosocial.ubiobio.cl\/?page_id=88"},"modified":"2021-09-15T15:25:31","modified_gmt":"2021-09-15T18:25:31","slug":"curriculo","status":"publish","type":"page","link":"http:\/\/trabajosocial.ubiobio.cl\/?page_id=88","title":{"rendered":"Malla curricular"},"content":{"rendered":"\n<p class=\"has-normal-font-size\"><strong>DESCRIPCI\u00d3N<\/strong><br>El trabajo social es una disciplina de las ciencias sociales, que orienta su acci\u00f3n a mejorar los niveles y calidad de vida de individuos y colectivos, a trav\u00e9s de la intervenci\u00f3n social fundada te\u00f3rica, t\u00e9cnica y \u00e9ticamente. Contribuye a partir de su acci\u00f3n profesional al dise\u00f1o, implementaci\u00f3n y evaluaci\u00f3n de las pol\u00edticas p\u00fablicas, servicios, programas y pr\u00e1cticas sociales bajo una perspectiva de g\u00e9nero y de promoci\u00f3n de los derechos humanos.<\/p>\n\n\n\n<p class=\"has-normal-font-size\"><strong>MALLA CURRICULAR 2021<\/strong><\/p>\n\n\n<div class=\"pgc-sgb-cb wp-block-pgcsimplygalleryblock-slider\" data-gallery-id=\"ca994722_1625791425893\">\n\t\t<script type=\"application\/json\" class=\"sgb-data\">{\"copyRProtection\":false,\"copyRAlert\":\"Hello, this photo is mine!\",\"sliderScrollNavi\":false,\"sliderNextPrevAnimation\":\"animation\",\"galleryScrollPositionControll\":false,\"sliderVideoAutoPlay\":false,\"sliderItemCounterEnable\":true,\"sliderCaptionSrc\":\"caption\",\"sliderItemTitleEnable\":false,\"sliderItemTitleFontSize\":18,\"sliderItemTitleTextColor\":\"rgba(255,255,255,1)\",\"itemCounterColor\":\"rgba(255,255,255,1)\",\"sliderThumbBarEnable\":true,\"sliderThumbBarHoverColor\":\"rgba(240,240,240,1)\",\"sliderBgColor\":\"rgba(0,0,0,0.8)\",\"sliderPreloaderColor\":\"rgba(240,240,240,1)\",\"sliderHeaderFooterBgColor\":\"rgba(0,0,0,0.4)\",\"sliderNavigationColor\":\"rgba(0,0,0,1)\",\"sliderNavigationColorOver\":\"rgba(255,255,255,1)\",\"sliderNavigationIconColor\":\"rgba(255,255,255,1)\",\"sliderNavigationIconColorOver\":\"rgba(0,0,0,1)\",\"sliderSlideshow\":true,\"sliderSlideshowDelay\":8,\"slideshowIndicatorColor\":\"rgba(255,255,255,1)\",\"slideshowIndicatorColorBg\":\"rgba(255,255,255,0.5)\",\"sliderThumbSubMenuBackgroundColor\":\"rgba(255,255,255,0)\",\"sliderThumbSubMenuBackgroundColorOver\":\"rgba(255,255,255,1)\",\"sliderThumbSubMenuIconColor\":\"rgba(255,255,255,1)\",\"sliderThumbSubMenuIconHoverColor\":\"rgba(0,0,0,1)\",\"sliderSocialShareEnabled\":true,\"sliderZoomEnable\":true,\"sliderFullscreenEnabled\":true,\"modaBgColor\":\"rgba(0,0,0,0.8)\",\"modalIconColor\":\"rgba(255,255,255,1)\",\"modalIconColorHover\":\"rgba(255,255,255,0.8)\",\"shareFacebook\":true,\"shareTwitter\":true,\"sharePinterest\":true,\"sliderItemDownload\":true,\"shareCopyLink\":true,\"sharePost\":\"sharelink\",\"tagsFilter\":false,\"tagCloudAll\":\"All\",\"tagCloudBgColor\":\"rgba(153,153,153,1)\",\"tagCloudBgColorOver\":\"rgba(253,253,253,1)\",\"tagCloudTextColor\":\"rgba(253,253,253,1)\",\"tagCloudTextColorOver\":\"rgba(153,153,153,1)\",\"tagCloudFontSize\":16,\"deepLinking\":false,\"useLightbox\":true,\"thumbClickAction\":\"useLightbox\",\"numItemsDisplayed\":0,\"lazyLoading\":true,\"contentNoPadding\":false,\"galleryPreloaderColor\":\"rgba(230,230,230,1)\",\"galleryBgColor\":\"rgba(0,0,0,0)\",\"galleryBorderRadius\":0,\"customCSS\":\"\",\"collectionThumbRecomendedWidth\":200,\"thumbSpacing\":5,\"externalLink\":true,\"externalLinkDefName\":\"Read More\",\"externalLinkTextColor\":\"rgba(0,0,0,1)\",\"externalLinkBgColor\":\"rgba(255,255,255,1)\",\"externalLinkFontSize\":18,\"captions\":true,\"captionSrc\":\"caption\",\"captionHAlign\":\"top\",\"collectionthumbHoverTitleFontSize\":18,\"collectionthumbRoundedCorners\":0,\"collectionthumbHoverTitleTextColor\":\"rgba(255,255,255,1)\",\"collectionthumbHoverTitleTextBgColor\":\"rgba(0,0,0,0.8)\",\"collectionthumbHoverBgColor\":\"rgba(0,0,0,0.4)\",\"collectionThumbSubMenuDownload\":true,\"collectionThumbSubMenuShare\":true,\"collectionThumbSubMenuBgColor\":\"rgba(0,0,0,0.4)\",\"collectionThumbSubMenuBgColorHover\":\"rgba(255,255,255,1)\",\"collectionThumbSubMenuIconColor\":\"rgba(255,255,255,1)\",\"collectionThumbSubMenuIconColorHover\":\"rgba(0,0,0,1)\",\"galleryType\":\"pgc_sgb_slider\",\"align\":\"\",\"galleryId\":\"ca994722_1625791425893\",\"images\":[{\"id\":922,\"title\":\"Plan de Estudio 2966-3-1\",\"url\":\"http:\\\/\\\/trabajosocial.ubiobio.cl\\\/wp-content\\\/uploads\\\/2021\\\/07\\\/Plan-de-Estudio-2966-3-1-1.png\",\"link\":\"http:\\\/\\\/trabajosocial.ubiobio.cl\\\/?attachment_id=922\",\"alt\":\"\",\"description\":\"\",\"caption\":\"\",\"mime\":\"image\\\/png\",\"type\":\"image\",\"width\":1806,\"height\":1266,\"sizes\":{\"thumbnail\":{\"height\":150,\"width\":150,\"url\":\"http:\\\/\\\/trabajosocial.ubiobio.cl\\\/wp-content\\\/uploads\\\/2021\\\/07\\\/Plan-de-Estudio-2966-3-1-1-150x150.png\",\"orientation\":\"landscape\"},\"medium\":{\"height\":210,\"width\":300,\"url\":\"http:\\\/\\\/trabajosocial.ubiobio.cl\\\/wp-content\\\/uploads\\\/2021\\\/07\\\/Plan-de-Estudio-2966-3-1-1-300x210.png\",\"orientation\":\"landscape\"},\"large\":{\"height\":718,\"width\":1024,\"url\":\"http:\\\/\\\/trabajosocial.ubiobio.cl\\\/wp-content\\\/uploads\\\/2021\\\/07\\\/Plan-de-Estudio-2966-3-1-1-1024x718.png\",\"orientation\":\"landscape\"},\"full\":{\"url\":\"http:\\\/\\\/trabajosocial.ubiobio.cl\\\/wp-content\\\/uploads\\\/2021\\\/07\\\/Plan-de-Estudio-2966-3-1-1.png\",\"height\":1266,\"width\":1806,\"orientation\":\"landscape\"}},\"meta\":false,\"postlink\":\"http:\\\/\\\/trabajosocial.ubiobio.cl\\\/?attachment_id=922\"}],\"itemsMetaDataCollection\":[],\"tagsListCustomMode\":false,\"galleryTagsList\":[],\"useClobalSettings\":false,\"orderBy\":\"custom\",\"sliderMaxHeight\":648,\"sliderAdminWidth\":840,\"responsiveHeight\":true,\"collectionColumns\":3,\"sliderAnimation\":\"animation\",\"sliderNextPrevNavigation\":true,\"sliderNextPrevBgColor\":\"rgba(255,255,255,1)\",\"sliderNextPrevBgColorHover\":\"rgba(0,0,0,1)\",\"sliderNextPrevIconColor\":\"rgba(0,0,0,1)\",\"sliderNextPrevIconColorHover\":\"rgba(255,255,255,1)\",\"sliderThumbsNavi\":true,\"sliderThumbsNaviColor\":\"rgba(255,255,255,1)\",\"sliderDotNavi\":false,\"sliderDotNaviBgColor\":\"rgba(0,0,0,.4)\",\"sliderDotNaviBgColorHover\":\"rgba(255,255,255,1)\",\"autoPlay\":false,\"autoPlayDelay\":4,\"autoPlayMouseStoper\":true,\"settingsModalIsOpen\":false,\"skin\":\"slider\"}<\/script><script type=\"text\/javascript\">(function(){if(window.PGC_SGB && window.PGC_SGB.searcher){window.PGC_SGB.searcher.initBlocks()}})()<\/script><noscript><div class=\"simply-gallery-amp pgc_sgb_slider \"><div class=\"sgb-gallery\"><div class=\"sgb-item\"><a href=\"http:\/\/trabajosocial.ubiobio.cl\/wp-content\/uploads\/2021\/07\/Plan-de-Estudio-2966-3-1-1.png\"><img alt=\"\" width=\"300\" height=\"210\" loading=\"auto\" data-lazy-src=\"\" class=\"skip-lazy no-lazyload noLazy\" src=\"http:\/\/trabajosocial.ubiobio.cl\/wp-content\/uploads\/2021\/07\/Plan-de-Estudio-2966-3-1-1-300x210.png\"\/><\/a><\/div><\/div><\/div><\/noscript><div class=\"sgb-preloader\">\n\t<div class=\"sgb-square\" style=\"background:rgba(230,230,230,1)\"><\/div>\n\t<div class=\"sgb-square\" style=\"background:rgba(230,230,230,1)\"><\/div>\n\t<div class=\"sgb-square\" style=\"background:rgba(230,230,230,1)\"><\/div>\n\t<div class=\"sgb-square\" style=\"background:rgba(230,230,230,1)\"><\/div><\/div><\/div>","protected":false},"excerpt":{"rendered":"<p>DESCRIPCI\u00d3NEl trabajo social es una disciplina de las ciencias sociales, que orienta su acci\u00f3n a mejorar los niveles y calidad de vida de individuos y colectivos, a trav\u00e9s de la intervenci\u00f3n social fundada te\u00f3rica, t\u00e9cnica y \u00e9ticamente. Contribuye a partir de su acci\u00f3n profesional al dise\u00f1o, implementaci\u00f3n y evaluaci\u00f3n de las pol\u00edticas p\u00fablicas, servicios, programas [&hellip;]<\/p>\n","protected":false},"author":1,"featured_media":0,"parent":6,"menu_order":2,"comment_status":"closed","ping_status":"closed","template":"","meta":{"pgc_sgb_lightbox_settings":""},"_links":{"self":[{"href":"http:\/\/trabajosocial.ubiobio.cl\/index.php?rest_route=\/wp\/v2\/pages\/88"}],"collection":[{"href":"http:\/\/trabajosocial.ubiobio.cl\/index.php?rest_route=\/wp\/v2\/pages"}],"about":[{"href":"http:\/\/trabajosocial.ubiobio.cl\/index.php?rest_route=\/wp\/v2\/types\/page"}],"author":[{"embeddable":true,"href":"http:\/\/trabajosocial.ubiobio.cl\/index.php?rest_route=\/wp\/v2\/users\/1"}],"replies":[{"embeddable":true,"href":"http:\/\/trabajosocial.ubiobio.cl\/index.php?rest_route=%2Fwp%2Fv2%2Fcomments&post=88"}],"version-history":[{"count":13,"href":"http:\/\/trabajosocial.ubiobio.cl\/index.php?rest_route=\/wp\/v2\/pages\/88\/revisions"}],"predecessor-version":[{"id":1145,"href":"http:\/\/trabajosocial.ubiobio.cl\/index.php?rest_route=\/wp\/v2\/pages\/88\/revisions\/1145"}],"up":[{"embeddable":true,"href":"http:\/\/trabajosocial.ubiobio.cl\/index.php?rest_route=\/wp\/v2\/pages\/6"}],"wp:attachment":[{"href":"http:\/\/trabajosocial.ubiobio.cl\/index.php?rest_route=%2Fwp%2Fv2%2Fmedia&parent=88"}],"curies":[{"name":"wp","href":"https:\/\/api.w.org\/{rel}","templated":true}]}}