{"id":6,"date":"2020-05-19T21:22:10","date_gmt":"2020-05-19T21:22:10","guid":{"rendered":"http:\/\/tsconcepcion.ubiobio.cl\/?page_id=6"},"modified":"2021-09-15T15:55:01","modified_gmt":"2021-09-15T18:55:01","slug":"escuela","status":"publish","type":"page","link":"http:\/\/trabajosocial.ubiobio.cl\/?page_id=6","title":{"rendered":"Acerca de la Escuela"},"content":{"rendered":"\n<p class=\"has-larger-font-size\">Aqu\u00ed les presentamos algunas categor\u00edas en relaci\u00f3n con la Escuela de Trabajo Social:<\/p>\n\n\n\n<div class=\"wp-block-buttons\">\n<div class=\"wp-block-button\"><a class=\"wp-block-button__link\" href=\"http:\/\/trabajosocial.ubiobio.cl\/?page_id=57(opens in a new tab)\">HISTORIA<\/a><\/div>\n\n\n\n<div class=\"wp-block-button\"><a class=\"wp-block-button__link\" href=\"http:\/\/trabajosocial.ubiobio.cl\/?page_id=67\">CUERPO ACAD\u00c9MICO<\/a><\/div>\n\n\n\n<div class=\"wp-block-button\"><a class=\"wp-block-button__link\" href=\"http:\/\/trabajosocial.ubiobio.cl\/?page_id=88\">CURR\u00cdCULO<\/a><\/div>\n\n\n\n<div class=\"wp-block-button\"><a class=\"wp-block-button__link\" href=\"http:\/\/trabajosocial.ubiobio.cl\/?page_id=91\">CONSEJO ASESOR<\/a><\/div>\n\n\n\n<div class=\"wp-block-button\"><a class=\"wp-block-button__link\" href=\"http:\/\/trabajosocial.ubiobio.cl\/?page_id=177\">PERFIL DE EGRESO<\/a><\/div>\n\n\n\n<div class=\"wp-block-button\"><a class=\"wp-block-button__link\" href=\"http:\/\/trabajosocial.ubiobio.cl\/?page_id=94\">UBICACI\u00d3N Y CONTACTO<\/a><\/div>\n\n\n\n<div class=\"wp-block-button\"><a class=\"wp-block-button__link\" href=\"http:\/\/trabajosocial.ubiobio.cl\/?page_id=1154\">MODELO EDUCATIVO<\/a><\/div>\n<\/div>\n\n\n\n<p><\/p>\n","protected":false},"excerpt":{"rendered":"<p>Aqu\u00ed les presentamos algunas categor\u00edas en relaci\u00f3n con la Escuela de Trabajo Social:<\/p>\n","protected":false},"author":1,"featured_media":0,"parent":0,"menu_order":2,"comment_status":"closed","ping_status":"closed","template":"","meta":{"pgc_sgb_lightbox_settings":""},"_links":{"self":[{"href":"http:\/\/trabajosocial.ubiobio.cl\/index.php?rest_route=\/wp\/v2\/pages\/6"}],"collection":[{"href":"http:\/\/trabajosocial.ubiobio.cl\/index.php?rest_route=\/wp\/v2\/pages"}],"about":[{"href":"http:\/\/trabajosocial.ubiobio.cl\/index.php?rest_route=\/wp\/v2\/types\/page"}],"author":[{"embeddable":true,"href":"http:\/\/trabajosocial.ubiobio.cl\/index.php?rest_route=\/wp\/v2\/users\/1"}],"replies":[{"embeddable":true,"href":"http:\/\/trabajosocial.ubiobio.cl\/index.php?rest_route=%2Fwp%2Fv2%2Fcomments&post=6"}],"version-history":[{"count":16,"href":"http:\/\/trabajosocial.ubiobio.cl\/index.php?rest_route=\/wp\/v2\/pages\/6\/revisions"}],"predecessor-version":[{"id":1156,"href":"http:\/\/trabajosocial.ubiobio.cl\/index.php?rest_route=\/wp\/v2\/pages\/6\/revisions\/1156"}],"wp:attachment":[{"href":"http:\/\/trabajosocial.ubiobio.cl\/index.php?rest_route=%2Fwp%2Fv2%2Fmedia&parent=6"}],"curies":[{"name":"wp","href":"https:\/\/api.w.org\/{rel}","templated":true}]}}