{"id":536,"date":"2021-05-25T22:44:51","date_gmt":"2021-05-25T22:44:51","guid":{"rendered":"http:\/\/trabajosocial.ubiobio.cl\/?page_id=536"},"modified":"2021-06-04T13:16:50","modified_gmt":"2021-06-04T13:16:50","slug":"marcela-concha","status":"publish","type":"page","link":"http:\/\/trabajosocial.ubiobio.cl\/?page_id=536","title":{"rendered":"Mg. Marcela Concha"},"content":{"rendered":"\n<p>Escuela de Trabajo Social, Sede Chill\u00e1n \/ Correo: maconcha@ubiobio.cl<\/p>\n\n\n\n<figure class=\"wp-block-image size-large\"><img loading=\"lazy\" width=\"494\" height=\"544\" src=\"http:\/\/trabajosocial.ubiobio.cl\/wp-content\/uploads\/2021\/05\/marcela-1.png\" alt=\"\" class=\"wp-image-550\" srcset=\"http:\/\/trabajosocial.ubiobio.cl\/wp-content\/uploads\/2021\/05\/marcela-1.png 494w, http:\/\/trabajosocial.ubiobio.cl\/wp-content\/uploads\/2021\/05\/marcela-1-272x300.png 272w\" sizes=\"(max-width: 494px) 100vw, 494px\" \/><\/figure>\n\n\n\n<h2>Formaci\u00f3n<\/h2>\n\n\n\n<ul><li>Asistente social, Universidad del B\u00edo B\u00edo, Chill\u00e1n, Chile, 2002.<\/li><li>Mag\u00edster en salud p\u00fablica, con menci\u00f3n en salud famliar, Universidad del B\u00edo B\u00edo, Chill\u00e1n, Chile, 2007.<\/li><\/ul>\n\n\n\n<h2>Docencia<\/h2>\n\n\n\n<p><strong>\u00daltimas Asignaturas de pregrado dictadas (2020 &#8211; 2021)<\/strong><\/p>\n\n\n\n<ul><li>Seminario de investigaci\u00f3n I. <\/li><li>Seminario de investivaci\u00f3n II. <\/li><li>Taller de pr\u00e1ctica I, Desarrollo de habilidades personales y sociales. <\/li><li>Taller de pr\u00e1ctica II, Aproximaci\u00f3n al campo y ejercicio profesional. <\/li><li>Taller de pr\u00e1ctica III, Herramientas b\u00e1sicas de intervenci\u00f3n profesional. <\/li><li>Taller de pr\u00e1ctica IV, Intervenci\u00f3n socioeducativa. <\/li><li>Fundamentos hist\u00f3ricos y pol\u00edticos del Trabajo Social.<\/li><\/ul>\n\n\n\n<h2>Investigaci\u00f3n<\/h2>\n\n\n\n<p><strong>Extracto de Proyectos de Investigaci\u00f3n Externos<\/strong><\/p>\n\n\n\n<ul><li>No existe registro.<\/li><\/ul>\n\n\n\n<p><strong>Extracto de<\/strong> <strong>Proyectos de Investigaci\u00f3n Internos<\/strong><\/p>\n\n\n\n<ul><li>Aproximaci\u00f3n al proceso de ense\u00f1anza &#8211; aprendizaje desarrollado a trav\u00e9s de las tutor\u00edas acad\u00e9micas en la Escuela de Trabajo Social de la Universidad del B\u00edo B\u00edo. <\/li><li>Promoci\u00f3n y educaci\u00f3n de la salud\/ sedentarismo y obesidad. <\/li><li>Dise\u00f1o e implementaci\u00f3n de un modelo de intervenci\u00f3n de h\u00e1bitos de vida saludable en ni\u00f1os y ni\u00f1as de 5 y 7 a\u00f1os para mejorar su calidad de vida.<\/li><li>Calidad de vida y estilos de vida saludable. <\/li><li>Programa binacional de apoyo a j\u00f3venes investigadores Argentina &#8211; Chile. <\/li><li>Intervenciones comunitarias para promover estilos de vida saludable en educaci\u00f3n parvularia y primero b\u00e1sico. <\/li><li>Trabajo Social y educaci\u00f3n: rol y espacio profesional en proceso de construcci\u00f3n y validaci\u00f3n. <\/li><\/ul>\n\n\n\n<p><strong>Algunos<\/strong> <strong>Art\u00edculos Cient\u00edficos<\/strong><\/p>\n\n\n\n<ul><li>Pr\u00e1cticas profesionales y Trabajo Social. Una revisi\u00f3n de la literatura en educaci\u00f3n superior. <a rel=\"noreferrer noopener\" href=\"https:\/\/scielo.conicyt.cl\/pdf\/pel\/v57n1\/0719-0409-pel-57-01-00105.pdf\" data-type=\"URL\" data-id=\"https:\/\/scielo.conicyt.cl\/pdf\/pel\/v57n1\/0719-0409-pel-57-01-00105.pdf\" target=\"_blank\">Ver PDF<\/a><\/li><li>Tutor\u00edas acad\u00e9micas en el curr\u00edculum de pr\u00e1cticas profesionales: Escuela de Trabajo Social, Universidad del B\u00edo B\u00edo. <a rel=\"noreferrer noopener\" href=\"http:\/\/scielo.sld.cu\/pdf\/rc\/v16n74\/1990-8644-rc-16-74-142.pdf\" data-type=\"URL\" data-id=\"http:\/\/scielo.sld.cu\/pdf\/rc\/v16n74\/1990-8644-rc-16-74-142.pdf\" target=\"_blank\">Ver PDF<\/a><\/li><li>Enfoque situacional y tutor\u00eda acad\u00e9mica como estrategia formativa en asignaturas pr\u00e1cticas de Trabajo Social. <a rel=\"noreferrer noopener\" href=\"http:\/\/revistapai.ucm.cl\/article\/view\/407\/378\" data-type=\"URL\" data-id=\"http:\/\/revistapai.ucm.cl\/article\/view\/407\/378\" target=\"_blank\">Ver PDF<\/a><\/li><li>Tutor\u00edas acad\u00e9micas y pr\u00e1cticas profesionales: invitaci\u00f3n al desempe\u00f1o profesional inicial en la formaci\u00f3n de trabajadores sociales. <a rel=\"noreferrer noopener\" href=\"http:\/\/revistaucmaule.ucm.cl\/article\/view\/53\/52\" data-type=\"URL\" data-id=\"http:\/\/revistaucmaule.ucm.cl\/article\/view\/53\/52\" target=\"_blank\">Ver PDF<\/a><\/li><li>Family quality of life scale (FQLS): validation and analysis in a chilean population. <a rel=\"noreferrer noopener\" href=\"https:\/\/revistas.javeriana.edu.co\/index.php\/revPsycho\/article\/view\/16655\/16147\" data-type=\"URL\" data-id=\"https:\/\/revistas.javeriana.edu.co\/index.php\/revPsycho\/article\/view\/16655\/16147\" target=\"_blank\">Ver PDF<\/a><\/li><\/ul>\n\n\n\n<h2>Vinculaci\u00f3n con el medio<\/h2>\n\n\n\n<ul><li>Investigaci\u00f3n en el \u00e1rea de infancia: una experiencia centrada en la metodolog\u00eda de aprendizaje y servicio, en la comuna de Quill\u00f3n. <\/li><li>Intervenci\u00f3n socioeducativa con organizaciones sociales: una experiencia basada en la metodolog\u00eda aprendizaje sericio con enfoque territorial en la comuna de San Fabi\u00e1n. <\/li><li>Taller pr\u00e1ctico: fundamento y elaboraci\u00f3n de informes sociales.  <\/li><\/ul>\n\n\n\n<p><\/p>\n","protected":false},"excerpt":{"rendered":"<p>Escuela de Trabajo Social, Sede Chill\u00e1n \/ Correo: maconcha@ubiobio.cl Formaci\u00f3n Asistente social, Universidad del B\u00edo B\u00edo, Chill\u00e1n, Chile, 2002. Mag\u00edster en salud p\u00fablica, con menci\u00f3n en salud famliar, Universidad del B\u00edo B\u00edo, Chill\u00e1n, Chile, 2007. Docencia \u00daltimas Asignaturas de pregrado dictadas (2020 &#8211; 2021) Seminario de investigaci\u00f3n I. Seminario de investivaci\u00f3n II. Taller de pr\u00e1ctica [&hellip;]<\/p>\n","protected":false},"author":6,"featured_media":0,"parent":67,"menu_order":0,"comment_status":"closed","ping_status":"closed","template":"","meta":{"pgc_sgb_lightbox_settings":""},"_links":{"self":[{"href":"http:\/\/trabajosocial.ubiobio.cl\/index.php?rest_route=\/wp\/v2\/pages\/536"}],"collection":[{"href":"http:\/\/trabajosocial.ubiobio.cl\/index.php?rest_route=\/wp\/v2\/pages"}],"about":[{"href":"http:\/\/trabajosocial.ubiobio.cl\/index.php?rest_route=\/wp\/v2\/types\/page"}],"author":[{"embeddable":true,"href":"http:\/\/trabajosocial.ubiobio.cl\/index.php?rest_route=\/wp\/v2\/users\/6"}],"replies":[{"embeddable":true,"href":"http:\/\/trabajosocial.ubiobio.cl\/index.php?rest_route=%2Fwp%2Fv2%2Fcomments&post=536"}],"version-history":[{"count":6,"href":"http:\/\/trabajosocial.ubiobio.cl\/index.php?rest_route=\/wp\/v2\/pages\/536\/revisions"}],"predecessor-version":[{"id":640,"href":"http:\/\/trabajosocial.ubiobio.cl\/index.php?rest_route=\/wp\/v2\/pages\/536\/revisions\/640"}],"up":[{"embeddable":true,"href":"http:\/\/trabajosocial.ubiobio.cl\/index.php?rest_route=\/wp\/v2\/pages\/67"}],"wp:attachment":[{"href":"http:\/\/trabajosocial.ubiobio.cl\/index.php?rest_route=%2Fwp%2Fv2%2Fmedia&parent=536"}],"curies":[{"name":"wp","href":"https:\/\/api.w.org\/{rel}","templated":true}]}}