{"id":526,"date":"2021-05-25T22:31:19","date_gmt":"2021-05-25T22:31:19","guid":{"rendered":"http:\/\/trabajosocial.ubiobio.cl\/?page_id=526"},"modified":"2021-06-04T13:17:37","modified_gmt":"2021-06-04T13:17:37","slug":"dr-carlos-rodriguez","status":"publish","type":"page","link":"http:\/\/trabajosocial.ubiobio.cl\/?page_id=526","title":{"rendered":"Dr. Carlos Rodr\u00edguez"},"content":{"rendered":"\n<p>Escuela de Trabajo Social, Sede Chill\u00e1n \/ Correo: carlosro@ubiobio.cl<\/p>\n\n\n\n<figure class=\"wp-block-image size-large\"><img loading=\"lazy\" width=\"578\" height=\"712\" src=\"http:\/\/trabajosocial.ubiobio.cl\/wp-content\/uploads\/2021\/05\/Carlos-1.png\" alt=\"\" class=\"wp-image-553\" srcset=\"http:\/\/trabajosocial.ubiobio.cl\/wp-content\/uploads\/2021\/05\/Carlos-1.png 578w, http:\/\/trabajosocial.ubiobio.cl\/wp-content\/uploads\/2021\/05\/Carlos-1-244x300.png 244w\" sizes=\"(max-width: 578px) 100vw, 578px\" \/><\/figure>\n\n\n\n<h2>Formaci\u00f3n<\/h2>\n\n\n\n<ul><li>Asistencia Social, Universidad de la Frontera, 1991. <\/li><li>Doctor en multimedia educativa, 2008.<\/li><li>Diplomado en an\u00e1lisis multivariado, 2017.  <\/li><\/ul>\n\n\n\n<h2>Docencia<\/h2>\n\n\n\n<p><strong>\u00daltimas Asignaturas de pregrado dictadas (2020 &#8211; 2021)<\/strong><\/p>\n\n\n\n<ul><li>T\u00e9cnicas de recolecci\u00f3n de datos cuantitativos. <\/li><li>An\u00e1lisis de datos cuantitativos. <\/li><li>Actividad de titulaci\u00f3n I. <\/li><li>Actividad de titulaci\u00f3n II. <\/li><\/ul>\n\n\n\n<h2>Investigaci\u00f3n<\/h2>\n\n\n\n<p><strong>Extracto de<\/strong> <strong>Proyectos de Investigaci\u00f3n Externos<\/strong><\/p>\n\n\n\n<ul><li>Centros de Estudios \u00d1uble. <\/li><li>Microcentros de escuelas rurales de la provincia de \u00d1uble: im\u00e1genes que poseeen el profesorado y las familias respecto de su impacto en la calidad educativa en el escenario de la nueva ruralidad. <\/li><li>Grupo de investigaci\u00f3n Familia, Escuela y Sociedad (FESOC).<\/li><li>Centro de investigaci\u00f3n y desarrollo local. <\/li><\/ul>\n\n\n\n<p><strong>Extracto de<\/strong> <strong>Proyectos de Investigaci\u00f3n Internos<\/strong><\/p>\n\n\n\n<ul><li>Creencias epistemol\u00f3gicas en estudiantes de Trabajo Social, sede Chill\u00e1n. <\/li><li>El rol contributivo de la mujer en la superaci\u00f3n de la pobreza econ\u00f3mica y multidimensional. <\/li><li>Grupo de familia, escuela y sociedad. <\/li><li>Estudiantes primera generaci\u00f3n en educaci\u00f3n superior: tensiones entre el acceso, la equidad y la permanencia. <\/li><li>El r\u00e1nking de notas: su efectividad como mecanismo de inclusi\u00f3n en la educaci\u00f3n superior y su contribuci\u00f3n a la capacidad predictiva del sistema de selecci\u00f3n universitaria. <\/li><li>Reconfiguraciones socioespaciales, estructurales y simb\u00f3licas de la poblaci\u00f3n, los modos de vida, el trabajo y la familia en el marco de las relaciones rural\/ urbanas. Perspectivas y aportes de la regi\u00f3n del B\u00edo B\u00edo. <\/li><\/ul>\n\n\n\n<p><strong>Algunos art\u00edculos Cient\u00edficos<\/strong><\/p>\n\n\n\n<ul><li>Among miracles, spirits and esotericism: magical thiking and pseudoscience in the globalized chile XXI century. <a rel=\"noreferrer noopener\" href=\"https:\/\/revistas.javeriana.edu.co\/files-articulos\/UPSY\/18-4%20(2019)\/64761787018\/universitas64761787018_visor_jats.pdf\" data-type=\"URL\" data-id=\"https:\/\/revistas.javeriana.edu.co\/files-articulos\/UPSY\/18-4%20(2019)\/64761787018\/universitas64761787018_visor_jats.pdf\" target=\"_blank\">Ver PDF<\/a><\/li><li>Labor inactivity as way of making invisible the women\u00b4s work: contributions to the new mapping of the rural labor market in chile. <a rel=\"noreferrer noopener\" href=\"https:\/\/revistas.javeriana.edu.co\/index.php\/desarrolloRural\/article\/view\/23241\/22329\" data-type=\"URL\" data-id=\"https:\/\/revistas.javeriana.edu.co\/index.php\/desarrolloRural\/article\/view\/23241\/22329\" target=\"_blank\">Ver PDF<\/a> <\/li><li>C\u00e1ncer de c\u00e9rvix y autorresponsabilidad: perfilando el riesgo de abstenci\u00f3n al papanicolaou entre las mujeres chilenas mediante \u00e1rboles de decisi\u00f3n. <a rel=\"noreferrer noopener\" href=\"http:\/\/www.scielo.org.pe\/pdf\/hm\/v18n1\/a03v18n1.pdf\" data-type=\"URL\" data-id=\"http:\/\/www.scielo.org.pe\/pdf\/hm\/v18n1\/a03v18n1.pdf\" target=\"_blank\">Ver PDF<\/a><\/li><li>Habilidades TIC para el aprendizaje en estudiantes chilenos: una insuficiencia y segmentad instalaci\u00f3n de competencias en la escuela. <a rel=\"noreferrer noopener\" href=\"http:\/\/revistaparadigma.online\/ojs\/index.php\/paradigma\/article\/view\/651\/648\" data-type=\"URL\" data-id=\"http:\/\/revistaparadigma.online\/ojs\/index.php\/paradigma\/article\/view\/651\/648\" target=\"_blank\">Ver PDF<\/a><\/li><li>Human capital and cultural factors: determinants of female labor insertion in Chile. <a rel=\"noreferrer noopener\" href=\"http:\/\/www.scielo.org.mx\/pdf\/perlat\/v26n52\/0188-7653-perlat-26-52-00006.pdf\" data-type=\"URL\" data-id=\"http:\/\/www.scielo.org.mx\/pdf\/perlat\/v26n52\/0188-7653-perlat-26-52-00006.pdf\" target=\"_blank\">Ver PDF<\/a><\/li><\/ul>\n\n\n\n<h2>Vinculaci\u00f3n con el medio<\/h2>\n\n\n\n<ul><li>No existe registro. <\/li><\/ul>\n","protected":false},"excerpt":{"rendered":"<p>Escuela de Trabajo Social, Sede Chill\u00e1n \/ Correo: carlosro@ubiobio.cl Formaci\u00f3n Asistencia Social, Universidad de la Frontera, 1991. Doctor en multimedia educativa, 2008. Diplomado en an\u00e1lisis multivariado, 2017. Docencia \u00daltimas Asignaturas de pregrado dictadas (2020 &#8211; 2021) T\u00e9cnicas de recolecci\u00f3n de datos cuantitativos. An\u00e1lisis de datos cuantitativos. Actividad de titulaci\u00f3n I. Actividad de titulaci\u00f3n II. Investigaci\u00f3n [&hellip;]<\/p>\n","protected":false},"author":6,"featured_media":0,"parent":67,"menu_order":0,"comment_status":"closed","ping_status":"closed","template":"","meta":{"pgc_sgb_lightbox_settings":""},"_links":{"self":[{"href":"http:\/\/trabajosocial.ubiobio.cl\/index.php?rest_route=\/wp\/v2\/pages\/526"}],"collection":[{"href":"http:\/\/trabajosocial.ubiobio.cl\/index.php?rest_route=\/wp\/v2\/pages"}],"about":[{"href":"http:\/\/trabajosocial.ubiobio.cl\/index.php?rest_route=\/wp\/v2\/types\/page"}],"author":[{"embeddable":true,"href":"http:\/\/trabajosocial.ubiobio.cl\/index.php?rest_route=\/wp\/v2\/users\/6"}],"replies":[{"embeddable":true,"href":"http:\/\/trabajosocial.ubiobio.cl\/index.php?rest_route=%2Fwp%2Fv2%2Fcomments&post=526"}],"version-history":[{"count":8,"href":"http:\/\/trabajosocial.ubiobio.cl\/index.php?rest_route=\/wp\/v2\/pages\/526\/revisions"}],"predecessor-version":[{"id":641,"href":"http:\/\/trabajosocial.ubiobio.cl\/index.php?rest_route=\/wp\/v2\/pages\/526\/revisions\/641"}],"up":[{"embeddable":true,"href":"http:\/\/trabajosocial.ubiobio.cl\/index.php?rest_route=\/wp\/v2\/pages\/67"}],"wp:attachment":[{"href":"http:\/\/trabajosocial.ubiobio.cl\/index.php?rest_route=%2Fwp%2Fv2%2Fmedia&parent=526"}],"curies":[{"name":"wp","href":"https:\/\/api.w.org\/{rel}","templated":true}]}}