{"id":505,"date":"2021-05-25T16:34:22","date_gmt":"2021-05-25T16:34:22","guid":{"rendered":"http:\/\/trabajosocial.ubiobio.cl\/?page_id=505"},"modified":"2021-06-11T20:33:18","modified_gmt":"2021-06-11T20:33:18","slug":"marcelo-gallegos","status":"publish","type":"page","link":"http:\/\/trabajosocial.ubiobio.cl\/?page_id=505","title":{"rendered":"Mg. Marcelo Gallegos"},"content":{"rendered":"\n<p>Escuela de Trabajo Social, Sede Chill\u00e1n \/ Correo: mgallegos@ubiobio.cl<\/p>\n\n\n\n<figure class=\"wp-block-image size-large\"><img loading=\"lazy\" width=\"512\" height=\"384\" src=\"http:\/\/trabajosocial.ubiobio.cl\/wp-content\/uploads\/2021\/05\/marcelo.jpg\" alt=\"\" class=\"wp-image-549\" srcset=\"http:\/\/trabajosocial.ubiobio.cl\/wp-content\/uploads\/2021\/05\/marcelo.jpg 512w, http:\/\/trabajosocial.ubiobio.cl\/wp-content\/uploads\/2021\/05\/marcelo-300x225.jpg 300w\" sizes=\"(max-width: 512px) 100vw, 512px\" \/><\/figure>\n\n\n\n<h2>Formaci\u00f3n <\/h2>\n\n\n\n<ul><li>Licenciado en Trabajo Social, Universidad del B\u00edo B\u00edo, Chill\u00e1n, Chile. <\/li><li>Asistente social, Universidad del B\u00edo B\u00edo, Chill\u00e1n, Chile. <\/li><li>Mag\u00edster en Familia, Universidad del B\u00edo B\u00edo, Chill\u00e1n, Chile. <\/li><\/ul>\n\n\n\n<h2>Docencia<\/h2>\n\n\n\n<p><strong>\u00daltimas Asignaturas de pregrado dictadas (2020 &#8211; 2021)<\/strong><\/p>\n\n\n\n<ul><li>Desarrollo de habilidades personales y sociales. <\/li><li>Trabajo Social e Intervenci\u00f3n social. <\/li><li>Herramientas b\u00e1sicas de intervenci\u00f3n profesional. <\/li><li>Aproximaci\u00f3n al campo profesional.<\/li><\/ul>\n\n\n\n<h2>Investigaci\u00f3n<\/h2>\n\n\n\n<p><strong>Extracto de<\/strong> <strong>Proyectos de Investigaci\u00f3n Externos<\/strong><\/p>\n\n\n\n<ul><li>No existe registro.<\/li><\/ul>\n\n\n\n<p><strong>Extracto de<\/strong> <strong>Proyectos de Investigaci\u00f3n Internos<\/strong><\/p>\n\n\n\n<ul><li>Representaciones Sociales sobre los derechos del ni\u00f1o y la ni\u00f1a de madres tutoras que se desempe\u00f1an en sistemas residenciales del Servicio Nacional de Menores de la Provincia de \u00d1uble, Universidad del B\u00edo B\u00edo, Direcci\u00f3n de investigaci\u00f3n.<\/li><li>Sistema de Gesti\u00f3n de Informaci\u00f3n para Pr\u00e1cticas Profesionales, Universidad del B\u00edo B\u00edo, Centro de Investigaci\u00f3n y Desarrollo en Computaci\u00f3n e Inform\u00e1tica Educativa<\/li><\/ul>\n\n\n\n<p><strong>Algunos<\/strong> <strong>Art\u00edculos Cient\u00edficos<\/strong><\/p>\n\n\n\n<ul><li>Representaciones sociales sobre estilo de autoridad y tipos de interacci\u00f3n en cuidadores de residencias de protecci\u00f3n infantil en Chile. Prospectiva Revista de Trabajo Social e Intervenci\u00f3n Social. <a rel=\"noreferrer noopener\" href=\"http:\/\/www.scielo.org.co\/pdf\/prsp\/n31\/2389-993X-prsp-31-369.pdf\" data-type=\"URL\" data-id=\"http:\/\/www.scielo.org.co\/pdf\/prsp\/n31\/2389-993X-prsp-31-369.pdf\" target=\"_blank\">Ver PDF<\/a><a rel=\"noreferrer noopener\" href=\"http:\/\/www.scielo.org.co\/pdf\/prsp\/n31\/2389-993X-prsp-31-369.pdf\" data-type=\"URL\" data-id=\"http:\/\/www.scielo.org.co\/pdf\/prsp\/n31\/2389-993X-prsp-31-369.pdf\" target=\"_blank\"><\/a><\/li><li>Autoestima en Ni\u00f1os, Ni\u00f1as y Adolescentes chilenos: an\u00e1lisis con \u00e1rboles de clasificaci\u00f3n, Reflexiones Revista Facultad de Ciencias Sociales de la Unversidad de Costa Rica. <a rel=\"noreferrer noopener\" href=\"https:\/\/revistas.ucr.ac.cr\/index.php\/reflexiones\/article\/view\/43342\/44755\" data-type=\"URL\" data-id=\"https:\/\/revistas.ucr.ac.cr\/index.php\/reflexiones\/article\/view\/43342\/44755\" target=\"_blank\">Ver PDF<\/a><\/li><li>Calidad educativa, apoyo docente y familiar percibido: tridimensionalidad de la satisfacci\u00f3n escolar en ni\u00f1os y adolescentes. Cuadernos de Investigaaci\u00f3n Educativa, Uruguay. <a rel=\"noreferrer noopener\" href=\"https:\/\/revistas.ort.edu.uy\/cuadernos-de-investigacion-educativa\/article\/view\/2995\/3270\" data-type=\"URL\" data-id=\"https:\/\/revistas.ort.edu.uy\/cuadernos-de-investigacion-educativa\/article\/view\/2995\/3270\" target=\"_blank\">Ver PDF<\/a><a rel=\"noreferrer noopener\" href=\"https:\/\/revistas.ort.edu.uy\/cuadernos-de-investigacion-educativa\/article\/view\/2995\/3270\" data-type=\"URL\" data-id=\"https:\/\/revistas.ort.edu.uy\/cuadernos-de-investigacion-educativa\/article\/view\/2995\/3270\" target=\"_blank\"><\/a><\/li><li>Derechos del Ni\u00f1o y Sistemas Residenciales en Chile: Representaciones Sociales Cuidadores de Adultos. Revista Psicoperspectivas. <a rel=\"noreferrer noopener\" href=\"https:\/\/scielo.conicyt.cl\/pdf\/psicop\/v17n2\/0718-6924-psicop-17-02-00007.pdf\" data-type=\"URL\" data-id=\"https:\/\/scielo.conicyt.cl\/pdf\/psicop\/v17n2\/0718-6924-psicop-17-02-00007.pdf\" target=\"_blank\">Ver PDF<\/a><a rel=\"noreferrer noopener\" href=\"https:\/\/scielo.conicyt.cl\/pdf\/psicop\/v17n2\/0718-6924-psicop-17-02-00007.pdf\" data-type=\"URL\" data-id=\"https:\/\/scielo.conicyt.cl\/pdf\/psicop\/v17n2\/0718-6924-psicop-17-02-00007.pdf\" target=\"_blank\"><\/a><\/li><li>Intervenci\u00f3n profesional en servicios sociales vinculados a infancia en Chile: tensiones en la implementaci\u00f3n de la pol\u00edtica social. UCMaule. <a rel=\"noreferrer noopener\" href=\"http:\/\/revistaucmaule.ucm.cl\/article\/view\/4\/6\" data-type=\"URL\" data-id=\"http:\/\/revistaucmaule.ucm.cl\/article\/view\/4\/6\" target=\"_blank\">Ver PDF<\/a><a rel=\"noreferrer noopener\" href=\"http:\/\/revistaucmaule.ucm.cl\/article\/view\/4\/6\" data-type=\"URL\" data-id=\"http:\/\/revistaucmaule.ucm.cl\/article\/view\/4\/6\" target=\"_blank\"><\/a><\/li><\/ul>\n\n\n\n<h2>Vinculaci\u00f3n con el medio<\/h2>\n\n\n\n<ul><li>Sistematizaci\u00f3n hist\u00f3rica de las pr\u00e1cticas profesionales de Trabajo Social: los nuevos requerimientos formativos para enfrentar los desaf\u00edos de \u00d1uble regi\u00f3n. A\u00f1o 2017. Chill\u00e1n. <\/li><\/ul>\n","protected":false},"excerpt":{"rendered":"<p>Escuela de Trabajo Social, Sede Chill\u00e1n \/ Correo: mgallegos@ubiobio.cl Formaci\u00f3n Licenciado en Trabajo Social, Universidad del B\u00edo B\u00edo, Chill\u00e1n, Chile. Asistente social, Universidad del B\u00edo B\u00edo, Chill\u00e1n, Chile. Mag\u00edster en Familia, Universidad del B\u00edo B\u00edo, Chill\u00e1n, Chile. Docencia \u00daltimas Asignaturas de pregrado dictadas (2020 &#8211; 2021) Desarrollo de habilidades personales y sociales. Trabajo Social e [&hellip;]<\/p>\n","protected":false},"author":6,"featured_media":0,"parent":67,"menu_order":0,"comment_status":"closed","ping_status":"closed","template":"","meta":{"pgc_sgb_lightbox_settings":""},"_links":{"self":[{"href":"http:\/\/trabajosocial.ubiobio.cl\/index.php?rest_route=\/wp\/v2\/pages\/505"}],"collection":[{"href":"http:\/\/trabajosocial.ubiobio.cl\/index.php?rest_route=\/wp\/v2\/pages"}],"about":[{"href":"http:\/\/trabajosocial.ubiobio.cl\/index.php?rest_route=\/wp\/v2\/types\/page"}],"author":[{"embeddable":true,"href":"http:\/\/trabajosocial.ubiobio.cl\/index.php?rest_route=\/wp\/v2\/users\/6"}],"replies":[{"embeddable":true,"href":"http:\/\/trabajosocial.ubiobio.cl\/index.php?rest_route=%2Fwp%2Fv2%2Fcomments&post=505"}],"version-history":[{"count":10,"href":"http:\/\/trabajosocial.ubiobio.cl\/index.php?rest_route=\/wp\/v2\/pages\/505\/revisions"}],"predecessor-version":[{"id":695,"href":"http:\/\/trabajosocial.ubiobio.cl\/index.php?rest_route=\/wp\/v2\/pages\/505\/revisions\/695"}],"up":[{"embeddable":true,"href":"http:\/\/trabajosocial.ubiobio.cl\/index.php?rest_route=\/wp\/v2\/pages\/67"}],"wp:attachment":[{"href":"http:\/\/trabajosocial.ubiobio.cl\/index.php?rest_route=%2Fwp%2Fv2%2Fmedia&parent=505"}],"curies":[{"name":"wp","href":"https:\/\/api.w.org\/{rel}","templated":true}]}}