{"id":377,"date":"2020-12-03T23:50:22","date_gmt":"2020-12-03T23:50:22","guid":{"rendered":"http:\/\/trabajosocial.ubiobio.cl\/?page_id=377"},"modified":"2021-06-09T23:38:32","modified_gmt":"2021-06-09T23:38:32","slug":"dr-miguel-alvarado","status":"publish","type":"page","link":"http:\/\/trabajosocial.ubiobio.cl\/?page_id=377","title":{"rendered":"Dr. Miguel Alvarado"},"content":{"rendered":"\n<p>Escuela de Trabajo Social, Sede Chill\u00e1n \/ Correo: malvarado@ubiobio.cl<\/p>\n\n\n\n<figure class=\"wp-block-image size-large is-resized\"><img loading=\"lazy\" src=\"http:\/\/trabajosocial.ubiobio.cl\/wp-content\/uploads\/2021\/05\/s200_dr._miguel.alvarado_borgo_o-1.jpg\" alt=\"\" class=\"wp-image-548\" width=\"276\" height=\"281\"\/><\/figure>\n\n\n\n<h2>Formaci\u00f3n<\/h2>\n\n\n\n<ul><li>Licenciado en Antropolog\u00eda y Antrop\u00f3logo Social (Universidad de Chile)<\/li><li>Mag\u00edster en Ciencias Sociales y \u00c9tica Social (Universidad Gregoriana de Roma)<\/li><li>Doctor en Ciencias Humanas (Universidad Austral de Chile)<\/li><\/ul>\n\n\n\n<h2>Docencia<\/h2>\n\n\n\n<ul><li>Profesor Investigador de la carrera<\/li><\/ul>\n\n\n\n<h2>Investigaci\u00f3n<\/h2>\n\n\n\n<p><strong>Extracto de Proyectos de Investigaci\u00f3n Externos<\/strong><\/p>\n\n\n\n<ul><li>No existe registro.<\/li><\/ul>\n\n\n\n<p><strong>Extracto de<\/strong> <strong>Proyectos de Investigaci\u00f3n Internos<\/strong><\/p>\n\n\n\n<ul><li>No existe registro.<\/li><\/ul>\n\n\n\n<p> <strong>Extracto de<\/strong> <strong>Art\u00edculos Cient\u00edficos<\/strong> <\/p>\n\n\n\n<ul><li>Notas sobre el concepto de cultura popular: en torno a las formulaciones ya la unidad del concepto. MA Borgo\u00f1o. AISTHESIS: Revista Chilena de Investigaciones, 57-79. 2019. <a href=\"http:\/\/revistaaisthesis.uc.cl\/index.php\/RAIT\/article\/view\/6564\/6122\" data-type=\"URL\" data-id=\"http:\/\/revistaaisthesis.uc.cl\/index.php\/RAIT\/article\/view\/6564\/6122\">Ver PDF<\/a><a href=\"http:\/\/revistaaisthesis.uc.cl\/index.php\/RAIT\/article\/view\/6564\/6122\" data-type=\"URL\" data-id=\"http:\/\/revistaaisthesis.uc.cl\/index.php\/RAIT\/article\/view\/6564\/6122\"><\/a><\/li><li>El ansia por la comunicaci\u00f3n de \u00c9douard Glissant y de la literatura antropol\u00f3gica chilena. MA Borgo\u00f1o. Cinta de Moebio: Revista Electr\u00f3nica de Epistemolog\u00eda de Ciencias Sociales, 2019. <a rel=\"noreferrer noopener\" href=\"https:\/\/cintademoebio.uchile.cl\/index.php\/CDM\/article\/view\/52641\/55237\" data-type=\"URL\" data-id=\"https:\/\/cintademoebio.uchile.cl\/index.php\/CDM\/article\/view\/52641\/55237\" target=\"_blank\">Ver PDF<\/a><\/li><li>SERGIO PEREIRA POZA. 2005. Antolog\u00eda cr\u00edtica de la dramaturgia anarquista en Chile Santiago: Ediciones de la Universidad de Santiago. Financiado por el Consejo del Libro y la lectura. MA Borgo\u00f1o. Estudios Filol\u00f3gicos, 296-29,8 2018. <a rel=\"noreferrer noopener\" href=\"https:\/\/scielo.conicyt.cl\/scielo.php?script=sci_arttext&amp;pid=S0071-17132006000100021\" data-type=\"URL\" data-id=\"https:\/\/scielo.conicyt.cl\/scielo.php?script=sci_arttext&amp;pid=S0071-17132006000100021\" target=\"_blank\">Ver PDF<\/a><a rel=\"noreferrer noopener\" href=\"https:\/\/scielo.conicyt.cl\/scielo.php?script=sci_arttext&amp;pid=S0071-17132006000100021\" data-type=\"URL\" data-id=\"https:\/\/scielo.conicyt.cl\/scielo.php?script=sci_arttext&amp;pid=S0071-17132006000100021\" target=\"_blank\"><\/a><\/li><li>Entre el imaginario y el sacrificio: notas acerca de un lugar de ilusi\u00f3n. VG Garc\u00eda, MA Borgo\u00f1o. Hermen\u00e9utica intercultural: revista de filosof\u00eda, 125-143, 2017. <a rel=\"noreferrer noopener\" href=\"https:\/\/dialnet.unirioja.es\/descarga\/articulo\/6433015.pdf\" data-type=\"URL\" data-id=\"https:\/\/dialnet.unirioja.es\/descarga\/articulo\/6433015.pdf\" target=\"_blank\">Ver PDF<\/a><\/li><li>La educaci\u00f3n en la construcci\u00f3n de la alteridad: notas sobre la configuraci\u00f3n de la visi\u00f3n de la diversidad en la educaci\u00f3n chilena. MA Borgo\u00f1o. REXE-Revista de Estudios y Experiencias en Educaci\u00f3n 2 (4), 123-13, 2016. <a rel=\"noreferrer noopener\" href=\"http:\/\/www.rexe.cl\/ojournal\/index.php\/rexe\/article\/download\/255\/262\" data-type=\"URL\" data-id=\"http:\/\/www.rexe.cl\/ojournal\/index.php\/rexe\/article\/download\/255\/262\" target=\"_blank\">Ver PDF<\/a><\/li><\/ul>\n\n\n\n<p><strong>Algunos Libros y cap\u00edtulos de libro<\/strong><\/p>\n\n\n\n<ul><li>Analogias esteticas y comprension transcultural latinoamericana. MA Borgo\u00f1o. BoD\u2013Books on Demand, 2015.<\/li><li>Aculturaciones: El vac\u00edo de la cultura o el delirio de la identidad. MA Borgo\u00f1o. Cuarto Propio, 2013.<\/li><\/ul>\n\n\n\n<h2>Vinculaci\u00f3n con el medio<\/h2>\n","protected":false},"excerpt":{"rendered":"<p>Escuela de Trabajo Social, Sede Chill\u00e1n \/ Correo: malvarado@ubiobio.cl Formaci\u00f3n Licenciado en Antropolog\u00eda y Antrop\u00f3logo Social (Universidad de Chile) Mag\u00edster en Ciencias Sociales y \u00c9tica Social (Universidad Gregoriana de Roma) Doctor en Ciencias Humanas (Universidad Austral de Chile) Docencia Profesor Investigador de la carrera Investigaci\u00f3n Extracto de Proyectos de Investigaci\u00f3n Externos No existe registro. Extracto [&hellip;]<\/p>\n","protected":false},"author":1,"featured_media":0,"parent":67,"menu_order":0,"comment_status":"closed","ping_status":"closed","template":"","meta":{"pgc_sgb_lightbox_settings":""},"_links":{"self":[{"href":"http:\/\/trabajosocial.ubiobio.cl\/index.php?rest_route=\/wp\/v2\/pages\/377"}],"collection":[{"href":"http:\/\/trabajosocial.ubiobio.cl\/index.php?rest_route=\/wp\/v2\/pages"}],"about":[{"href":"http:\/\/trabajosocial.ubiobio.cl\/index.php?rest_route=\/wp\/v2\/types\/page"}],"author":[{"embeddable":true,"href":"http:\/\/trabajosocial.ubiobio.cl\/index.php?rest_route=\/wp\/v2\/users\/1"}],"replies":[{"embeddable":true,"href":"http:\/\/trabajosocial.ubiobio.cl\/index.php?rest_route=%2Fwp%2Fv2%2Fcomments&post=377"}],"version-history":[{"count":14,"href":"http:\/\/trabajosocial.ubiobio.cl\/index.php?rest_route=\/wp\/v2\/pages\/377\/revisions"}],"predecessor-version":[{"id":664,"href":"http:\/\/trabajosocial.ubiobio.cl\/index.php?rest_route=\/wp\/v2\/pages\/377\/revisions\/664"}],"up":[{"embeddable":true,"href":"http:\/\/trabajosocial.ubiobio.cl\/index.php?rest_route=\/wp\/v2\/pages\/67"}],"wp:attachment":[{"href":"http:\/\/trabajosocial.ubiobio.cl\/index.php?rest_route=%2Fwp%2Fv2%2Fmedia&parent=377"}],"curies":[{"name":"wp","href":"https:\/\/api.w.org\/{rel}","templated":true}]}}