{"id":307,"date":"2020-11-12T00:13:36","date_gmt":"2020-11-12T00:13:36","guid":{"rendered":"http:\/\/trabajosocial.ubiobio.cl\/?page_id=307"},"modified":"2021-08-12T15:22:36","modified_gmt":"2021-08-12T19:22:36","slug":"dr-juan-saavedra","status":"publish","type":"page","link":"http:\/\/trabajosocial.ubiobio.cl\/?page_id=307","title":{"rendered":"Dr. Juan Saavedra"},"content":{"rendered":"\n<p class=\"has-text-align-center\">Escuela de Trabajo Social, sede Concepci\u00f3n \/ Correo: jsaavedr@ubiobio.cl<\/p>\n\n\n\n<div class=\"wp-block-image\"><figure class=\"aligncenter size-large is-resized\"><img loading=\"lazy\" src=\"http:\/\/trabajosocial.ubiobio.cl\/wp-content\/uploads\/2021\/05\/DSC_4354-1024x719.jpg\" alt=\"\" class=\"wp-image-513\" width=\"513\" height=\"359\" srcset=\"http:\/\/trabajosocial.ubiobio.cl\/wp-content\/uploads\/2021\/05\/DSC_4354-1024x719.jpg 1024w, http:\/\/trabajosocial.ubiobio.cl\/wp-content\/uploads\/2021\/05\/DSC_4354-300x211.jpg 300w, http:\/\/trabajosocial.ubiobio.cl\/wp-content\/uploads\/2021\/05\/DSC_4354-1536x1079.jpg 1536w, http:\/\/trabajosocial.ubiobio.cl\/wp-content\/uploads\/2021\/05\/DSC_4354-2048x1439.jpg 2048w\" sizes=\"(max-width: 513px) 100vw, 513px\" \/><\/figure><\/div>\n\n\n\n<h2>Formaci\u00f3n<\/h2>\n\n\n\n<ul><li>Trabajador Social, Universidad de Valpara\u00edso.<\/li><li>Mag\u00edster en Desarrollo Humano a Escala Local y Regional. Universidad de la Frontera.<\/li><li>Doctor en Ciencias Humanas, Menci\u00f3n Discurso y Cultura. Universidad Austral de Chile<\/li><\/ul>\n\n\n\n<h2>Docencia<\/h2>\n\n\n\n<p><strong>Asignaturas de pregrado: <\/strong><\/p>\n\n\n\n<ul><li>Trabajo Social e Intervenci\u00f3n Social<\/li><li>Taller de Pr\u00e1ctica I<\/li><\/ul>\n\n\n\n<h2>Investigaci\u00f3n<\/h2>\n\n\n\n<h5>Proyectos de investigaci\u00f3n relevantes<\/h5>\n\n\n\n<ul><li>FONDECYT. Normalizaci\u00f3n biopol\u00edtica de la ciudad post-cat\u00e1strofe: tres d\u00e9cadas de grandes terremotos durante el r\u00e9gimen neoliberal en Chile (1985- 2010-2015). (2017-2020)<\/li><li>El Ausentismo Escolar como indicador de violaci\u00f3n de los derechos humanos: Un reto a las pol\u00edticas p\u00fablicas. (2006-2008)<\/li><li>Desarrollo End\u00f3geno Local y pr\u00e1cticas de Asociatividad. (2007)<\/li><li>Intervenci\u00f3n social en situaciones de exclusi\u00f3n. (2009-2011)<\/li><li>Discursos y pr\u00e1cticas de intervenci\u00f3n situada en el gran Concepci\u00f3n. (2013-2014)<\/li><li>Entre la reproducci\u00f3n mercantil y la reproducci\u00f3n social. Un an\u00e1lisis de experiencias de emprendimiento productivo de mujeres de zonas urbanas y rurales de la regi\u00f3n del Biobio. (2009-2014)<\/li><li>Evaluaci\u00f3n de necesidades y demanda efectiva para la gesti\u00f3n de informaci\u00f3n sistematizada, derivada de actuaciones de intervenci\u00f3n social. (2014)<\/li><li>Grupo de Investigaci\u00f3n Intervenci\u00f3n Social: Performatividad y Sujetos de la Ciudad. (2015-2017)<\/li><li>Experiencia de aprendizaje-servicio con estudiantes de Trabajo Social de la Universidad del B\u00edo-B\u00edo en la Comuna de Hualqui. (2016)<\/li><li>Repertorios metodol\u00f3gicos en la construcci\u00f3n diagn\u00f3stica en trabajo social, en las regiones del Biob\u00edo, Valpara\u00edso y Araucan\u00eda. (2016-2017)<\/li><li>El aporte cognitivo de la imagen. Caso did\u00e1ctico en pre grado. (2017-2018)<\/li><li>Climate change adaptation in informal settings: Understanding and reinforcing bottom-up initiatives in Latin America and the Caribbean. (2018-2020)<\/li><\/ul>\n\n\n\n<h5>Art\u00edculos cient\u00edficos relevantes<\/h5>\n\n\n\n<ul><li>Saavedra, J.; Marchezini, V. Procesos de recuperaci\u00f3n posdesastre en contextos biopol\u00edticos neoliberales: los casos de Chile 2010 y Brasil 2011. \u00cdconos Revista de Ciencias Sociales. (p\u00e1g. 131-148, 2020). <a rel=\"noreferrer noopener\" href=\"https:\/\/revistas.flacsoandes.edu.ec\/iconos\/article\/view\/3987\/3211\" data-type=\"URL\" data-id=\"https:\/\/revistas.flacsoandes.edu.ec\/iconos\/article\/view\/3987\/3211\" target=\"_blank\">Ver PDF<\/a><\/li><li>Saavedra, J.; Carrasco, C.,: Balboa, V.; Valenzuela, K. Memoria local y afrontamiento de desastres clim\u00e1ticos: el caso de liderazgos de mujeres en Nongu\u00e9n. Regi\u00f3n y Sociedad. (p\u00e1g. 1-22, 2019) <a rel=\"noreferrer noopener\" href=\"https:\/\/regionysociedad.colson.edu.mx:8086\/index.php\/rys\/article\/view\/1240\/1593\" data-type=\"URL\" data-id=\"https:\/\/regionysociedad.colson.edu.mx:8086\/index.php\/rys\/article\/view\/1240\/1593\" target=\"_blank\">Ver PDF<\/a><\/li><li>Saavedra, Juan; Casta\u00f1eda, Patricia; Salam\u00e9, Ana. An\u00e1lisis del proceso de formulaci\u00f3n del diagnostico social en salud en el Sistema Publico Chileno Revista Electr\u00f3nica de Trabajo Social, ISSN: 0719-675X. (p\u00e1g. 45-53, 2018) <a rel=\"noreferrer noopener\" href=\"https:\/\/www.researchgate.net\/profile\/Juan-Saavedra\/publication\/338983208_Analisis_del_proceso_de_formulacion_del_diagnostico_social_en_salud_en_el_sistema_publico_chileno\/links\/5e361d91299bf1cdb9056550\/Analisis-del-proceso-de-formulacion-del-diagnostico-social-en-salud-en-el-sistema-publico-chileno.pdf\" data-type=\"URL\" data-id=\"https:\/\/www.researchgate.net\/profile\/Juan-Saavedra\/publication\/338983208_Analisis_del_proceso_de_formulacion_del_diagnostico_social_en_salud_en_el_sistema_publico_chileno\/links\/5e361d91299bf1cdb9056550\/Analisis-del-proceso-de-formulacion-del-diagnostico-social-en-salud-en-el-sistema-publico-chileno.pdf\" target=\"_blank\">Ver PDF<\/a><\/li><li>Saravia, Felipe; Saavedra, Juan. Desigualdades generacionales, de g\u00e9nero y etnia entre trabajadores sociales chilenos. Revista Katalysis, ISSN: 1982-0259. (p\u00e1g. 554-563, 2018) <a rel=\"noreferrer noopener\" href=\"https:\/\/www.scielo.br\/j\/rk\/a\/YBFPpCNM3HmBSy3kXbdHbcv\/?lang=es&amp;format=pdf\" data-type=\"URL\" data-id=\"https:\/\/www.scielo.br\/j\/rk\/a\/YBFPpCNM3HmBSy3kXbdHbcv\/?lang=es&amp;format=pdf\" target=\"_blank\">Ver PDF<\/a><\/li><li>Saavedra, Juan. Intervenci\u00f3n social como dispositivo discursivo. TS Cuadernos de Trabajo Social. (p\u00e1g. 1-13, 2018) <a rel=\"noreferrer noopener\" href=\"http:\/\/www.tscuadernosdetrabajosocial.cl\/index.php\/TS\/article\/view\/144\/140\" data-type=\"URL\" data-id=\"http:\/\/www.tscuadernosdetrabajosocial.cl\/index.php\/TS\/article\/view\/144\/140\" target=\"_blank\">Ver PDF<\/a><\/li><li>Saavedra, Juan. La paradoja de la negaci\u00f3n en la intervenci\u00f3n social. Cinta de moebio. ISSN: 0717-554X. (p\u00e1g. 211-220, 2017) <a rel=\"noreferrer noopener\" href=\"https:\/\/scielo.conicyt.cl\/pdf\/cmoebio\/n59\/0717-554X-cmoebio-59-00211.pdf\" data-type=\"URL\" data-id=\"https:\/\/scielo.conicyt.cl\/pdf\/cmoebio\/n59\/0717-554X-cmoebio-59-00211.pdf\" target=\"_blank\">Ver PDF<\/a><\/li><li>Saavedra, Juan; Urquieta Antonieta. Discurso y comprensi\u00f3n en las ciencias sociales y humanas: una lectura desde la (socio) fenomenolog\u00eda y la hermen\u00e9utica. TS Cuadernos de Trabajo Social. ISSN: 0719-6520. (p\u00e1g. 63-81, 2016)           <a rel=\"noreferrer noopener\" href=\"http:\/\/www.tscuadernosdetrabajosocial.cl\/index.php\/TS\/article\/view\/96\/94\" data-type=\"URL\" data-id=\"http:\/\/www.tscuadernosdetrabajosocial.cl\/index.php\/TS\/article\/view\/96\/94\" target=\"_blank\">Ver PDF<\/a><\/li><li>Juan Saavedra. Cuatro argumentos sobre el concepto de intervenci\u00f3n social. Cinta de Moebio. (p\u00e1g. 135-146, 2015) <a rel=\"noreferrer noopener\" href=\"https:\/\/scielo.conicyt.cl\/pdf\/cmoebio\/n53\/ar03.pdf\" data-type=\"URL\" data-id=\"https:\/\/scielo.conicyt.cl\/pdf\/cmoebio\/n53\/ar03.pdf\" target=\"_blank\">Ver PDF<\/a><\/li><li>Juan Saavedra V\u00e1squez;Fernando Far\u00edas Olavarr\u00eda. Construcci\u00f3n neoliberal de la pol\u00edtica social chilena en el discurso de Pinochet. Rev. Kat\u00e1lysis. ISSN: 1414-4980. (p\u00e1g.22-30, 2014) <a rel=\"noreferrer noopener\" href=\"https:\/\/www.redalyc.org\/pdf\/1796\/179631065003.pdf\" data-type=\"URL\" data-id=\"https:\/\/www.redalyc.org\/pdf\/1796\/179631065003.pdf\" target=\"_blank\">Ver PDF<\/a><\/li><li>Saavedra, Juan. Los imaginarios sociales y la democracia en la intervenci\u00f3n social. TS Cuadernos de Trabajo Social. ISSN: 0719-6520. (p\u00e1g. 61-68, 2014) <a rel=\"noreferrer noopener\" href=\"https:\/\/www.researchgate.net\/profile\/Juan-Saavedra\/publication\/320557010_Los_imaginarios_sociales_y_la_democracia_en_la_Intervencion_Social\/links\/59ed3db5a6fdccef8b0dc72a\/Los-imaginarios-sociales-y-la-democracia-en-la-Intervencion-Social.pdf\" data-type=\"URL\" data-id=\"https:\/\/www.researchgate.net\/profile\/Juan-Saavedra\/publication\/320557010_Los_imaginarios_sociales_y_la_democracia_en_la_Intervencion_Social\/links\/59ed3db5a6fdccef8b0dc72a\/Los-imaginarios-sociales-y-la-democracia-en-la-Intervencion-Social.pdf\" target=\"_blank\">Ver PDF<\/a><\/li><li>Saavedra, Juan. Instancias de Monitoreo Participativo (I.M.P.): \u00bfc\u00f3mo incrementar participaci\u00f3n y control ciudadano en los proyectos de intervenci\u00f3n territorial?. TS Cuadernos de Trabajo Social. ISSN: 0719-6520. (p\u00e1g. 65-74, 2013) <a rel=\"noreferrer noopener\" href=\"http:\/\/www.tscuadernosdetrabajosocial.cl\/index.php\/TS\/article\/view\/2\/2\" data-type=\"URL\" data-id=\"http:\/\/www.tscuadernosdetrabajosocial.cl\/index.php\/TS\/article\/view\/2\/2\" target=\"_blank\">Ver PDF<\/a><\/li><li>Juan Saavedra V\u00e1squez. Configuraci\u00f3n Discursiva en la Intervenci\u00f3n Social Fundada, Situada y Reflexiva. TS Cuadernos de Trabajo Social. ISSN: 0719-6520. (p\u00e1g. 47-55, 2010) <a rel=\"noreferrer noopener\" href=\"http:\/\/www.tscuadernosdetrabajosocial.cl\/index.php\/TS\/article\/view\/128\/125\" data-type=\"URL\" data-id=\"http:\/\/www.tscuadernosdetrabajosocial.cl\/index.php\/TS\/article\/view\/128\/125\" target=\"_blank\">Ver PDF<\/a><\/li><li>Saavedra, Juan. Inclusi\u00f3n Digital y Sujetos Populares. Revista Chilena de Estudios Regionales. ISSN: 0718-8064. (p\u00e1g. 39-53, 2009)<\/li><li>Saavedra, Juan. Los desaf\u00edos que la exclusi\u00f3n sobrepone a la construcci\u00f3n metodol\u00f3gica del trabajo social. TS Cuadernos de Trabajo Social. ISSN: 0719-6520. (p\u00e1g. 8-11, 2008) <a href=\"http:\/\/www.tscuadernosdetrabajosocial.cl\/index.php\/TS\/article\/view\/82\/80\" data-type=\"URL\" data-id=\"http:\/\/www.tscuadernosdetrabajosocial.cl\/index.php\/TS\/article\/view\/82\/80\">Ver PDF<\/a><\/li><\/ul>\n\n\n\n<h5>Libros y cap\u00edtulos de libro<\/h5>\n\n\n\n<p><strong>Libros:<\/strong><\/p>\n\n\n\n<ul><li>Juan Saavedra V\u00e1squez. Liturgia de la Intervenci\u00f3n Social. Discursos presidenciales en tiempos del neoliberalismo 1981-2010. Editorial And\u00e9n Sur. CHILE, Concepci\u00f3n, 2015.A\u00f1o de publicaci\u00f3n del libro: 2015<\/li><li>Juan Saavedra V\u00e1squez;Patricia Casta\u00f1eda Meneses;Antonieta Urquieta \u00c1lvarez. L\u00f3gicas de intervenci\u00f3n en trabajo social. Universidad de Valpara\u00edso. CHILE, Valpara\u00edso, 2005<\/li><\/ul>\n\n\n\n<p><strong>Cap\u00edtulos de libro:<\/strong><\/p>\n\n\n\n<ul><li>Saavedra, J. Cap\u00edtulo: El gobierno de la emergencia en el terremoto 2010: el marco bipoli\u00cc\u2022tico en territorios afectados por desastres.Libro: Espacialidades en la intervenci\u00f3n social: debates para el Trabajo Social latinoamericano. CHILE, Santiago. (p\u00e1g. 10-30, 2020)<\/li><\/ul>\n\n\n\n<p><\/p>\n\n\n\n<h2><\/h2>\n\n\n\n<p><\/p>\n","protected":false},"excerpt":{"rendered":"<p>Escuela de Trabajo Social, sede Concepci\u00f3n \/ Correo: jsaavedr@ubiobio.cl Formaci\u00f3n Trabajador Social, Universidad de Valpara\u00edso. Mag\u00edster en Desarrollo Humano a Escala Local y Regional. Universidad de la Frontera. Doctor en Ciencias Humanas, Menci\u00f3n Discurso y Cultura. Universidad Austral de Chile Docencia Asignaturas de pregrado: Trabajo Social e Intervenci\u00f3n Social Taller de Pr\u00e1ctica I Investigaci\u00f3n Proyectos [&hellip;]<\/p>\n","protected":false},"author":1,"featured_media":0,"parent":67,"menu_order":0,"comment_status":"closed","ping_status":"closed","template":"","meta":{"pgc_sgb_lightbox_settings":""},"_links":{"self":[{"href":"http:\/\/trabajosocial.ubiobio.cl\/index.php?rest_route=\/wp\/v2\/pages\/307"}],"collection":[{"href":"http:\/\/trabajosocial.ubiobio.cl\/index.php?rest_route=\/wp\/v2\/pages"}],"about":[{"href":"http:\/\/trabajosocial.ubiobio.cl\/index.php?rest_route=\/wp\/v2\/types\/page"}],"author":[{"embeddable":true,"href":"http:\/\/trabajosocial.ubiobio.cl\/index.php?rest_route=\/wp\/v2\/users\/1"}],"replies":[{"embeddable":true,"href":"http:\/\/trabajosocial.ubiobio.cl\/index.php?rest_route=%2Fwp%2Fv2%2Fcomments&post=307"}],"version-history":[{"count":27,"href":"http:\/\/trabajosocial.ubiobio.cl\/index.php?rest_route=\/wp\/v2\/pages\/307\/revisions"}],"predecessor-version":[{"id":1090,"href":"http:\/\/trabajosocial.ubiobio.cl\/index.php?rest_route=\/wp\/v2\/pages\/307\/revisions\/1090"}],"up":[{"embeddable":true,"href":"http:\/\/trabajosocial.ubiobio.cl\/index.php?rest_route=\/wp\/v2\/pages\/67"}],"wp:attachment":[{"href":"http:\/\/trabajosocial.ubiobio.cl\/index.php?rest_route=%2Fwp%2Fv2%2Fmedia&parent=307"}],"curies":[{"name":"wp","href":"https:\/\/api.w.org\/{rel}","templated":true}]}}