{"id":255,"date":"2020-11-11T21:20:50","date_gmt":"2020-11-11T21:20:50","guid":{"rendered":"http:\/\/trabajosocial.ubiobio.cl\/?page_id=255"},"modified":"2021-09-02T17:18:34","modified_gmt":"2021-09-02T21:18:34","slug":"dr-felipe-saravia","status":"publish","type":"page","link":"http:\/\/trabajosocial.ubiobio.cl\/?page_id=255","title":{"rendered":"Dr. Felipe Saravia"},"content":{"rendered":"\n<h2>Dr. Felipe Saravia<\/h2>\n\n\n\n<p class=\"has-text-align-center\">Escuela de Trabajo Social, sede Concepci\u00f3n \/ Correo: fsaravia@ubiobio.cl<\/p>\n\n\n\n<div class=\"wp-block-image\"><figure class=\"aligncenter size-large is-resized\"><img loading=\"lazy\" src=\"http:\/\/trabajosocial.ubiobio.cl\/wp-content\/uploads\/2020\/11\/image.png\" alt=\"\" class=\"wp-image-279\" width=\"423\" height=\"280\" srcset=\"http:\/\/trabajosocial.ubiobio.cl\/wp-content\/uploads\/2020\/11\/image.png 343w, http:\/\/trabajosocial.ubiobio.cl\/wp-content\/uploads\/2020\/11\/image-300x199.png 300w\" sizes=\"(max-width: 423px) 100vw, 423px\" \/><\/figure><\/div>\n\n\n\n<h2>Formaci\u00f3n<\/h2>\n\n\n\n<ul><li>Trabajador Social<\/li><li>Doctor en Ciencias Sociales en Estudios Territoriales,  Universidad de Los Lagos, Chile<\/li><\/ul>\n\n\n\n<h2>Docencia<\/h2>\n\n\n\n<p><strong>Asignaturas de pregrado: <\/strong><\/p>\n\n\n\n<ul><li>Taller de practica II: aproximaci\u00f3n al campo y ejercicio profesional<\/li><li>Trabajo Social e Intervenci\u00f3n Social<\/li><li>Metodolog\u00eda de la intervenci\u00f3n social<\/li><\/ul>\n\n\n\n<h2>Investigaci\u00f3n<\/h2>\n\n\n\n<h5>Proyectos de investigaci\u00f3n<\/h5>\n\n\n\n<ul><li>\u00abEstructuras territoriales de desigualdad y estrategias de movilidad espacial en trayectorias educativas de estudiantes universitarios en Concepci\u00f3n\u00bb. (2018-2019)<\/li><li>Estudio del impacto bidireccional de las pr\u00e1cticas profesionales de Trabajo Social: \u00e9nfasis en dimensi\u00f3n espacial de la intervenci\u00f3n social. (2018)<\/li><li>Procesos de ense\u00f1anza-aprendizaje de estudiantes de Trabajo Social en trayectorias de movilidad social: desigualdades de origen, habitus tensionados y resultados dispares\u00bb. (2018-2019)<\/li><li>Climate Change Adaptation in Informal Settings in Latin America and the Caribbean: Understanding and Reinforcing Bottom-up Initiatives. (2017)<\/li><li>Trayectorias educacionales y sociales de profesionales j\u00f3venes originarios de la regi\u00f3n de Los Lagos y desigualdades asociadas a comuna de origen. (2018)<\/li><\/ul>\n\n\n\n<h5>Art\u00edculos cient\u00edficos<\/h5>\n\n\n\n<ul><li>Ignacio Bisbal, Claudio Araneda, Soledad Reyes, Felipe Saravia. El microproyecto como v\u00ednculo con el medio e integraci\u00f3n de saberes en arquitectura.  Jornadas de innovaci\u00f3n docente en arquitectura. (2018) <a rel=\"noreferrer noopener\" href=\"https:\/\/upcommons.upc.edu\/bitstream\/handle\/2117\/124505\/5514.pdf?sequence=3&amp;isAllowed=y\" data-type=\"URL\" data-id=\"https:\/\/upcommons.upc.edu\/bitstream\/handle\/2117\/124505\/5514.pdf?sequence=3&amp;isAllowed=y\" target=\"_blank\">Ver PDF<\/a><\/li><li>Felipe Saravia. Espacio e intervenci\u00f3n en trabajo social a partir de Lefebvre. Cinta de Moebio, 2(39). Revista cubana de educaci\u00f3n superior. (2019) <a rel=\"noreferrer noopener\" href=\"https:\/\/cintademoebio.uchile.cl\/index.php\/CDM\/article\/view\/55910\/59114\" data-type=\"URL\" data-id=\"https:\/\/cintademoebio.uchile.cl\/index.php\/CDM\/article\/view\/55910\/59114\" target=\"_blank\">Ver PDF<\/a><\/li><li>Felipe Saravia y Francisco Mesa. Reproducci\u00f3n de desigualdades en la universidad: el caso de Trabajo Social e Ingenier\u00eda Comercial en Chile. Cuaderno Urbano, 27(27), 111-131. (2020) <a rel=\"noreferrer noopener\" href=\"http:\/\/scielo.sld.cu\/pdf\/rces\/v39n2\/0257-4314-rces-39-02-e21.pdf\" data-type=\"URL\" data-id=\"http:\/\/scielo.sld.cu\/pdf\/rces\/v39n2\/0257-4314-rces-39-02-e21.pdf\" target=\"_blank\">Ver PDF<\/a><\/li><li>Stefano Micheletti, Felipe Saravia y Francisco Letelier. Los contenidos del habitar rurbano: pr\u00e1cticas, movilidad e identidades en las ciudades intermedias del Maule, Chile. CUHSO, 29(2), 80-108 (2019) <a rel=\"noreferrer noopener\" href=\"https:\/\/revistas.unne.edu.ar\/index.php\/crn\/article\/download\/4121\/3756\" data-type=\"URL\" data-id=\"https:\/\/revistas.unne.edu.ar\/index.php\/crn\/article\/download\/4121\/3756\" target=\"_blank\">Ver PDF<\/a><\/li><li>Hern\u00e1n Riquelme, Felipe Saravia, Javiera Azocar. Movilidad cotidiana e interurbana en contextos de exclusi\u00f3n socioespacial al sur de Chile. Aportes para pensar los territorios no metropolitanos en Am\u00e9rica Latina. (2019) <a rel=\"noreferrer noopener\" href=\"https:\/\/scielo.conicyt.cl\/pdf\/cuhso\/v29n2\/0719-2789-cuhso-_2019_cuhso_04_a05.pdf\" data-type=\"URL\" data-id=\"https:\/\/scielo.conicyt.cl\/pdf\/cuhso\/v29n2\/0719-2789-cuhso-_2019_cuhso_04_a05.pdf\" target=\"_blank\">Ver PDF<\/a><\/li><li>Felipe Saravia y Juan Saavedra. Desigualdades generacionales, de g\u00e9nero y etnia entre trabajadores sociales chilenos. Kat\u00e1lysis, 21(3), p\u00e1g. 554-563 (2018) <a rel=\"noreferrer noopener\" href=\"https:\/\/www.redalyc.org\/jatsRepo\/1796\/179659699011\/179659699011.pdf\" data-type=\"URL\" data-id=\"https:\/\/www.redalyc.org\/jatsRepo\/1796\/179659699011\/179659699011.pdf\" target=\"_blank\">Ver PDF<\/a><\/li><li>Felipe Saravia. V\u00ednculo entre percepci\u00f3n territorial y movilidad espacial en trayectorias de la clase media profesional: regi\u00f3n de Los Lagos, Chile. Cadernos Metropole, 20(42), p\u00e1g. 531-551 (2018) <a rel=\"noreferrer noopener\" href=\"https:\/\/www.scielo.br\/j\/cm\/a\/kdJZ9vhkwJVxX6ZwPtRjdfF\/?lang=es&amp;format=pdf\" data-type=\"URL\" data-id=\"https:\/\/www.scielo.br\/j\/cm\/a\/kdJZ9vhkwJVxX6ZwPtRjdfF\/?lang=es&amp;format=pdf\" target=\"_blank\">Ver PDF<\/a><\/li><li>Quintana, Saravia, Vargas y P\u00e9rez Continuidades y contrapuntos sociopol\u00edticos entre dos generaciones de dirigentes estudiantiles de la Universidad de Los Lagos. Revista \u00daltima D\u00e9cada,&nbsp; 26(48), p\u00e1g. 72-106 (2018) <a rel=\"noreferrer noopener\" href=\"https:\/\/scielo.conicyt.cl\/pdf\/udecada\/v26n48\/0718-2236-udecada-26-48-00072.pdf\" data-type=\"URL\" data-id=\"https:\/\/scielo.conicyt.cl\/pdf\/udecada\/v26n48\/0718-2236-udecada-26-48-00072.pdf\" target=\"_blank\">Ver PDF<\/a><\/li><li>Felipe Saravia, Stefano Micheletti, Francisco Letelier. Ni urbanos, ni rurales: cambios intergeneracionales en adscripci\u00f3n territorial subjetiva en la regi\u00f3n del Maule, Chile. Revista Cuaderno Urbano, 24(24), p\u00e1g. 27-46 (2018) <a rel=\"noreferrer noopener\" href=\"http:\/\/repositorio.ucm.cl\/bitstream\/handle\/ucm\/1891\/micheletti_s_urbanos.pdf?sequence=1&amp;isAllowed=y\" data-type=\"URL\" data-id=\"http:\/\/repositorio.ucm.cl\/bitstream\/handle\/ucm\/1891\/micheletti_s_urbanos.pdf?sequence=1&amp;isAllowed=y\" target=\"_blank\">Ver PDF<\/a><\/li><li>Javier Le\u00f3n y Felipe Sarvia. Desaf\u00edos para la gobernanza en espacios periurbanos metropolizados: el caso de Nongu\u00e9n, en concepci\u00f3n, chile. Revista Pensamiento y Acci\u00f3n Interdisciplinaria. (2019) <a rel=\"noreferrer noopener\" href=\"http:\/\/revistapai.ucm.cl\/article\/view\/306\/317\" data-type=\"URL\" data-id=\"http:\/\/revistapai.ucm.cl\/article\/view\/306\/317\" target=\"_blank\">Ver PDF<\/a><\/li><li>Tanya Elizabeth Far\u00edas Parga, Mar\u00eda Francisca D\u00edaz Maldonado, Tamara Beatriz Tralma Concha, Felipe Andr\u00e9s Saravia Cort\u00e9s. Dimensi\u00f3n socioespacial de trayectorias educativas y laborales de trabajadores sociales de la zona central de Chile. Rumbos TS, 18 (en prensa). (2018) <a rel=\"noreferrer noopener\" href=\"http:\/\/revistafacso.ucentral.cl\/index.php\/rumbos\/article\/view\/10\/6\" data-type=\"URL\" data-id=\"http:\/\/revistafacso.ucentral.cl\/index.php\/rumbos\/article\/view\/10\/6\" target=\"_blank\">Ver PDF<\/a><a rel=\"noreferrer noopener\" href=\"http:\/\/revistafacso.ucentral.cl\/index.php\/rumbos\/article\/view\/10\/6\" data-type=\"URL\" data-id=\"http:\/\/revistafacso.ucentral.cl\/index.php\/rumbos\/article\/view\/10\/6\" target=\"_blank\"><\/a><\/li><li>Felipe Saravia. Ventajas del uso de mercados laborales locales en estudio de desigualdades sociales intra-regionales: el caso de Los Lagos, Chile. Revista Iberoamericana de Estudios Municipales, 17, p\u00e1g. 29-49. (2018) <a rel=\"noreferrer noopener\" href=\"https:\/\/revistas.uautonoma.cl\/index.php\/riem\/article\/view\/328\/322\" data-type=\"URL\" data-id=\"https:\/\/revistas.uautonoma.cl\/index.php\/riem\/article\/view\/328\/322\" target=\"_blank\">Ver PDF<\/a><\/li><li>Felipe Saravia. La formaci\u00f3n de los trabajadores sociales en Chile:\u00bfun asunto de oferta y demanda? . Cuadernos de Trabajo Social, Universidad Complutense de Madrid, 28(1), p\u00e1g. 67-79. (2015) <a rel=\"noreferrer noopener\" href=\"https:\/\/revistas.ucm.es\/index.php\/CUTS\/article\/view\/46510\/46003\" data-type=\"URL\" data-id=\"https:\/\/revistas.ucm.es\/index.php\/CUTS\/article\/view\/46510\/46003\" target=\"_blank\">Ver PDF<\/a><\/li><li>Felipe Saravia, Claudio Vargas. Evoluci\u00f3n del perfil del estudiante de Trabajo Social en Chile: 2004 &#8211; 2014. Revista electr\u00f3nica de Trabajo Social de la Universidad de Concepci\u00f3n, 12, p\u00e1g. 110-120. (2015) <a rel=\"noreferrer noopener\" href=\"http:\/\/www.revistatsudec.cl\/wp-content\/uploads\/2015\/12\/Vol-12-2015-v2.pdf#page=110\" data-type=\"URL\" data-id=\"http:\/\/www.revistatsudec.cl\/wp-content\/uploads\/2015\/12\/Vol-12-2015-v2.pdf#page=110\" target=\"_blank\">Ver PDF<\/a><\/li><li>Felipe Saravia. Desigualdades entrecruzadas y territorio: propuesta de marco de an\u00e1lisis. Revista electr\u00f3nica de Trabajo Social de la Universidad de Concepci\u00f3n, 11, p\u00e1g. 40-53. (2014) <a rel=\"noreferrer noopener\" href=\"http:\/\/www.revistatsudec.cl\/wp-content\/uploads\/2015\/10\/Publicaci%C3%B3n-Revista-2014-Parte-4-.pdf\" data-type=\"URL\" data-id=\"http:\/\/www.revistatsudec.cl\/wp-content\/uploads\/2015\/10\/Publicaci%C3%B3n-Revista-2014-Parte-4-.pdf\" target=\"_blank\">Ver PDF<\/a><\/li><li>Felipe Saravia. El trabajo social sinergizador: intervenci\u00f3n social con enfoque en redes sociales y capital social. Revista Perspectivas, 25, p\u00e1g. 85-100. (2014) <a rel=\"noreferrer noopener\" href=\"http:\/\/ediciones.ucsh.cl\/ojs\/index.php\/Perspectivas\/article\/view\/418\/368\" data-type=\"URL\" data-id=\"http:\/\/ediciones.ucsh.cl\/ojs\/index.php\/Perspectivas\/article\/view\/418\/368\" target=\"_blank\">Ver PDF<\/a><\/li><li>Felipe Saravia. \u00bfC\u00f3mo aumentar stocks de capital humano calificado a nivel local? Pol\u00edticas p\u00fablicas comparadas. Revista eletr\u00f4nica de programa do maestrado em desenvolvimento regional da universidade do contestado, 2(2), p\u00e1g. 63-89. (2012) <a rel=\"noreferrer noopener\" href=\"https:\/\/www.redalyc.org\/pdf\/5708\/570862005005.pdf\" data-type=\"URL\" data-id=\"https:\/\/www.redalyc.org\/pdf\/5708\/570862005005.pdf\" target=\"_blank\">Ver PDF<\/a><\/li><li>Felipe Saravia. La dimensi\u00f3n territorial de la desigualdad en chile. Documentos reflexi\u00f3n y an\u00e1lisis. Colegio de asistentes sociales. Regi\u00f3n del Bio Bio, 12, p\u00e1g. 18-21. (2011) <a href=\"https:\/\/www.academia.edu\/19203362\/La_dimensi%C3%B3n_territorial_de_la_desigualdad_en_Chile\" data-type=\"URL\" data-id=\"https:\/\/www.academia.edu\/19203362\/La_dimensi%C3%B3n_territorial_de_la_desigualdad_en_Chile\" target=\"_blank\" rel=\"noreferrer noopener\">Ver PDF<\/a><\/li><\/ul>\n\n\n\n<h5>Libros y cap\u00edtulos de libro<\/h5>\n\n\n\n<ul><li>Felipe Saravia, Miriam Vega, Caroll Vasquez. Desigualdades en la experiencia universitaria asociadas a migraci\u00f3n interregional por estudios universitarios: el caso de una cohorte (2004-2006) de estudiantes originarios de Los Lagos. Espacialidades en el Trabajo Social: debates para el Trabajo Social latinoamericano 187-218. (2020)<\/li><li>Mar\u00eda Vinka Moyano, Ana Castro y Felipe Saravia. Formaci\u00f3n ciudadana en Maule y Bio Bio (en prensa). Formaci\u00f3n Ciudadana en establecimientos educacionales municipales del Maule: panorama general y v\u00ednculo con la dimensi\u00f3n territorial. 149-178. (2018)<\/li><li>Heinrich Von Baer, Felipe Saravia. Geograf\u00eda y sociedad. El Gran Concepci\u00f3n. La desigual distribuci\u00f3n del capital humano calificado en Chile: propuestas aplicables a la Regi\u00f3n del B\u00edo-B\u00edo 255-274. (2015)<\/li><\/ul>\n\n\n\n<h2><\/h2>\n","protected":false},"excerpt":{"rendered":"<p>Dr. Felipe Saravia Escuela de Trabajo Social, sede Concepci\u00f3n \/ Correo: fsaravia@ubiobio.cl Formaci\u00f3n Trabajador Social Doctor en Ciencias Sociales en Estudios Territoriales, Universidad de Los Lagos, Chile Docencia Asignaturas de pregrado: Taller de practica II: aproximaci\u00f3n al campo y ejercicio profesional Trabajo Social e Intervenci\u00f3n Social Metodolog\u00eda de la intervenci\u00f3n social Investigaci\u00f3n Proyectos de investigaci\u00f3n [&hellip;]<\/p>\n","protected":false},"author":1,"featured_media":0,"parent":67,"menu_order":0,"comment_status":"closed","ping_status":"closed","template":"","meta":{"pgc_sgb_lightbox_settings":""},"_links":{"self":[{"href":"http:\/\/trabajosocial.ubiobio.cl\/index.php?rest_route=\/wp\/v2\/pages\/255"}],"collection":[{"href":"http:\/\/trabajosocial.ubiobio.cl\/index.php?rest_route=\/wp\/v2\/pages"}],"about":[{"href":"http:\/\/trabajosocial.ubiobio.cl\/index.php?rest_route=\/wp\/v2\/types\/page"}],"author":[{"embeddable":true,"href":"http:\/\/trabajosocial.ubiobio.cl\/index.php?rest_route=\/wp\/v2\/users\/1"}],"replies":[{"embeddable":true,"href":"http:\/\/trabajosocial.ubiobio.cl\/index.php?rest_route=%2Fwp%2Fv2%2Fcomments&post=255"}],"version-history":[{"count":13,"href":"http:\/\/trabajosocial.ubiobio.cl\/index.php?rest_route=\/wp\/v2\/pages\/255\/revisions"}],"predecessor-version":[{"id":1101,"href":"http:\/\/trabajosocial.ubiobio.cl\/index.php?rest_route=\/wp\/v2\/pages\/255\/revisions\/1101"}],"up":[{"embeddable":true,"href":"http:\/\/trabajosocial.ubiobio.cl\/index.php?rest_route=\/wp\/v2\/pages\/67"}],"wp:attachment":[{"href":"http:\/\/trabajosocial.ubiobio.cl\/index.php?rest_route=%2Fwp%2Fv2%2Fmedia&parent=255"}],"curies":[{"name":"wp","href":"https:\/\/api.w.org\/{rel}","templated":true}]}}