{"id":208,"date":"2020-11-11T18:23:53","date_gmt":"2020-11-11T18:23:53","guid":{"rendered":"http:\/\/trabajosocial.ubiobio.cl\/?page_id=208"},"modified":"2021-07-13T21:09:29","modified_gmt":"2021-07-14T01:09:29","slug":"drac-soledad-reyes","status":"publish","type":"page","link":"http:\/\/trabajosocial.ubiobio.cl\/?page_id=208","title":{"rendered":"Mg. Soledad Reyes"},"content":{"rendered":"\n<p class=\"has-text-align-center\">Escuela de Trabajo Social, sede Concepci\u00f3n \/ Email: lureyes@ubiobio.cl<\/p>\n\n\n\n<div class=\"wp-block-image\"><figure class=\"aligncenter size-large is-resized\"><img loading=\"lazy\" src=\"http:\/\/trabajosocial.ubiobio.cl\/wp-content\/uploads\/2020\/11\/IMG-20200907-WA00021-1-1024x768.jpg\" alt=\"\" class=\"wp-image-222\" width=\"434\" height=\"325\" srcset=\"http:\/\/trabajosocial.ubiobio.cl\/wp-content\/uploads\/2020\/11\/IMG-20200907-WA00021-1-1024x768.jpg 1024w, http:\/\/trabajosocial.ubiobio.cl\/wp-content\/uploads\/2020\/11\/IMG-20200907-WA00021-1-300x225.jpg 300w, http:\/\/trabajosocial.ubiobio.cl\/wp-content\/uploads\/2020\/11\/IMG-20200907-WA00021-1-768x576.jpg 768w, http:\/\/trabajosocial.ubiobio.cl\/wp-content\/uploads\/2020\/11\/IMG-20200907-WA00021-1-1200x900.jpg 1200w, http:\/\/trabajosocial.ubiobio.cl\/wp-content\/uploads\/2020\/11\/IMG-20200907-WA00021-1.jpg 1280w\" sizes=\"(max-width: 434px) 100vw, 434px\" \/><\/figure><\/div>\n\n\n\n<h2>Formaci\u00f3n<\/h2>\n\n\n\n<ul><li>Trabajadora Social (Universidad de la Frontera)<\/li><li>Mag\u00edster en Familia<\/li><li>Candidata a doctora en <\/li><\/ul>\n\n\n\n<h2>Docencia<\/h2>\n\n\n\n<p><strong>Asignaturas de pregrado: <\/strong><\/p>\n\n\n\n<ul><li>G\u00e9nero y Trabajo Social.<\/li><li>Taller de Pr\u00e1ctica II y III.<\/li><\/ul>\n\n\n\n<h2>Investigaci\u00f3n<\/h2>\n\n\n\n<h5>Proyectos de investigaci\u00f3n<\/h5>\n\n\n\n<ul><li>\u201cMujeres y trabajo a distancia en tiempos de COVID-19: an\u00e1lisis y monitoreo en Universidad del B\u00edo-B\u00edo, sede&nbsp; Concepci\u00f3n\u201d (2020\/en proceso)<\/li><li>Procesos de Ense\u00f1anza-Aprendizaje de estudiantes de trabajo social en trayectorias de movilidad social: Desigualdades de origen, habitus tensionados, y resultados dispares. (2018)<\/li><li>Dise\u00f1o e implementaci\u00f3n de un modelo de tutor\u00eda para el sistema de pr\u00e1cticas carrera trabajo social Concepci\u00f3n. (2014)<\/li><li>Climate Change Adaptation in Informal Settings in Latin America and the Caribbean: Understanding and Reinforcing Bottom-up Initiatives. (2018-2020)<\/li><\/ul>\n\n\n\n<h5>Art\u00edculos cient\u00edficos<\/h5>\n\n\n\n<ul><li>Reyes-P\u00e9rez, S., Hasse-Riquelme, V., y Silva-Burgos, M. (2020). Educaci\u00f3n en Derechos Humanos para el Trabajo Social en Chile: una mirada desde los est\u00e1ndares internacionales. Prospectiva. Revista de Trabajo Social e intervenci\u00f3n social, (30), 259-281. doi: 10.25100\/prts.v0i30.8858. <a rel=\"noreferrer noopener\" href=\"https:\/\/revistaprospectiva.univalle.edu.co\/index.php\/prospectiva\/article\/view\/8858\/12485\" data-type=\"URL\" data-id=\"https:\/\/revistaprospectiva.univalle.edu.co\/index.php\/prospectiva\/article\/view\/8858\/12485\" target=\"_blank\">Ver PDF<\/a><\/li><li>Bisbal Grandal, Ignacio [et al.]. El microproyecto como v\u00ednculo con el medio e integraci\u00f3n de saberes en arquitectura. A: Garc\u00eda Escudero, Daniel; Bard\u00ed Mil\u00e0, Berta, eds. \u00abVI Jornadas sobre Innovaci\u00f3n Docente en Arquitectura (JIDA&#8217;18), Escuela de Ingenier\u00eda y Arquitectura de Zaragoza, 22 y 23 de Noviembre de 2018\u00bb. Barcelona: UPC IDP; GILDA; Zaragoza: Servicio de Publicaciones de la Universidad de Zaragoza, 2018. ISBN: 978-84-9880-722-6 (UPC), p. 528-538&nbsp; <a rel=\"noreferrer noopener\" href=\"https:\/\/upcommons.upc.edu\/bitstream\/handle\/2117\/124505\/5514.pdf?sequence=3&amp;isAllowed=y\" data-type=\"URL\" data-id=\"https:\/\/upcommons.upc.edu\/bitstream\/handle\/2117\/124505\/5514.pdf?sequence=3&amp;isAllowed=y\" target=\"_blank\">Ver PDF<\/a><\/li><li>Orellana Fonseca, Cristian [et al.] Ciudadan\u00eda, Democracia, Desarrollo y su relaci\u00f3n con los Derechos Humanos. ISSN 0719-6520. TTS Cuadernos de Trabajo Social N\u00ba 12 (44-52), 2014, Universidad San Sebasti\u00e1n (Chile) <a href=\"http:\/\/www.tscuadernosdetrabajosocial.cl\/index.php\/TS\/article\/view\/18\/17\" data-type=\"URL\" data-id=\"http:\/\/www.tscuadernosdetrabajosocial.cl\/index.php\/TS\/article\/view\/18\/17\" target=\"_blank\" rel=\"noreferrer noopener\">Ver PDF<\/a><\/li><\/ul>\n\n\n\n<h5>Libros y cap\u00edtulos de libro<\/h5>\n\n\n\n<ul><li>Cap\u00edtulo: Implementaci\u00f3n de los planes de formaci\u00f3n ciudadana en establecimientos educacionales de las provincias de Concepci\u00f3n y \u00d1uble, octava regi\u00f3n, Chile. P\u00e1g. 179-200. Formaci\u00f3n ciudadana en el contexto escolar. Conceptualizaciones, avances y experiencias<\/li><\/ul>\n\n\n\n<h2>Vinculaci\u00f3n con el medio<\/h2>\n\n\n\n<p><\/p>\n","protected":false},"excerpt":{"rendered":"<p>Escuela de Trabajo Social, sede Concepci\u00f3n \/ Email: lureyes@ubiobio.cl Formaci\u00f3n Trabajadora Social (Universidad de la Frontera) Mag\u00edster en Familia Candidata a doctora en Docencia Asignaturas de pregrado: G\u00e9nero y Trabajo Social. Taller de Pr\u00e1ctica II y III. Investigaci\u00f3n Proyectos de investigaci\u00f3n \u201cMujeres y trabajo a distancia en tiempos de COVID-19: an\u00e1lisis y monitoreo en Universidad [&hellip;]<\/p>\n","protected":false},"author":1,"featured_media":0,"parent":67,"menu_order":0,"comment_status":"closed","ping_status":"closed","template":"","meta":{"pgc_sgb_lightbox_settings":""},"_links":{"self":[{"href":"http:\/\/trabajosocial.ubiobio.cl\/index.php?rest_route=\/wp\/v2\/pages\/208"}],"collection":[{"href":"http:\/\/trabajosocial.ubiobio.cl\/index.php?rest_route=\/wp\/v2\/pages"}],"about":[{"href":"http:\/\/trabajosocial.ubiobio.cl\/index.php?rest_route=\/wp\/v2\/types\/page"}],"author":[{"embeddable":true,"href":"http:\/\/trabajosocial.ubiobio.cl\/index.php?rest_route=\/wp\/v2\/users\/1"}],"replies":[{"embeddable":true,"href":"http:\/\/trabajosocial.ubiobio.cl\/index.php?rest_route=%2Fwp%2Fv2%2Fcomments&post=208"}],"version-history":[{"count":15,"href":"http:\/\/trabajosocial.ubiobio.cl\/index.php?rest_route=\/wp\/v2\/pages\/208\/revisions"}],"predecessor-version":[{"id":948,"href":"http:\/\/trabajosocial.ubiobio.cl\/index.php?rest_route=\/wp\/v2\/pages\/208\/revisions\/948"}],"up":[{"embeddable":true,"href":"http:\/\/trabajosocial.ubiobio.cl\/index.php?rest_route=\/wp\/v2\/pages\/67"}],"wp:attachment":[{"href":"http:\/\/trabajosocial.ubiobio.cl\/index.php?rest_route=%2Fwp%2Fv2%2Fmedia&parent=208"}],"curies":[{"name":"wp","href":"https:\/\/api.w.org\/{rel}","templated":true}]}}