{"id":177,"date":"2020-11-11T14:53:25","date_gmt":"2020-11-11T17:53:25","guid":{"rendered":"http:\/\/trabajosocial.ubiobio.cl\/?page_id=177"},"modified":"2021-07-26T11:46:33","modified_gmt":"2021-07-26T15:46:33","slug":"perfil-de-egreso","status":"publish","type":"page","link":"http:\/\/trabajosocial.ubiobio.cl\/?page_id=177","title":{"rendered":"Perfil de Egreso"},"content":{"rendered":"\n<p><strong>Perfil de egreso<\/strong><\/p>\n\n\n\n<p>El\/la egresado\/a de la carrera de Trabajo Social de la Universidad del B\u00edo-B\u00edo se distingue por desarrollar procesos de intervenci\u00f3n social, fundados, situados y reflexivos en el marco de las Ciencias Sociales y Humanas. Cuenta con una s\u00f3lida formaci\u00f3n en investigaci\u00f3n social que permite comprender y explicar las distintas realidades sociales, favoreciendo la construcci\u00f3n de dispositivos de intervenci\u00f3n para distintos niveles de complejidad, resguardando el desarrollo humano integral y la promoci\u00f3n de los derechos humanos, con especial \u00e9nfasis en el nivel regional y nacional.<\/p>\n","protected":false},"excerpt":{"rendered":"<p>Perfil de egreso El\/la egresado\/a de la carrera de Trabajo Social de la Universidad del B\u00edo-B\u00edo se distingue por desarrollar procesos de intervenci\u00f3n social, fundados, situados y reflexivos en el marco de las Ciencias Sociales y Humanas. Cuenta con una s\u00f3lida formaci\u00f3n en investigaci\u00f3n social que permite comprender y explicar las distintas realidades sociales, favoreciendo [&hellip;]<\/p>\n","protected":false},"author":1,"featured_media":0,"parent":6,"menu_order":3,"comment_status":"closed","ping_status":"closed","template":"","meta":{"pgc_sgb_lightbox_settings":""},"_links":{"self":[{"href":"http:\/\/trabajosocial.ubiobio.cl\/index.php?rest_route=\/wp\/v2\/pages\/177"}],"collection":[{"href":"http:\/\/trabajosocial.ubiobio.cl\/index.php?rest_route=\/wp\/v2\/pages"}],"about":[{"href":"http:\/\/trabajosocial.ubiobio.cl\/index.php?rest_route=\/wp\/v2\/types\/page"}],"author":[{"embeddable":true,"href":"http:\/\/trabajosocial.ubiobio.cl\/index.php?rest_route=\/wp\/v2\/users\/1"}],"replies":[{"embeddable":true,"href":"http:\/\/trabajosocial.ubiobio.cl\/index.php?rest_route=%2Fwp%2Fv2%2Fcomments&post=177"}],"version-history":[{"count":5,"href":"http:\/\/trabajosocial.ubiobio.cl\/index.php?rest_route=\/wp\/v2\/pages\/177\/revisions"}],"predecessor-version":[{"id":1255,"href":"http:\/\/trabajosocial.ubiobio.cl\/index.php?rest_route=\/wp\/v2\/pages\/177\/revisions\/1255"}],"up":[{"embeddable":true,"href":"http:\/\/trabajosocial.ubiobio.cl\/index.php?rest_route=\/wp\/v2\/pages\/6"}],"wp:attachment":[{"href":"http:\/\/trabajosocial.ubiobio.cl\/index.php?rest_route=%2Fwp%2Fv2%2Fmedia&parent=177"}],"curies":[{"name":"wp","href":"https:\/\/api.w.org\/{rel}","templated":true}]}}