{"id":1082,"date":"2021-08-12T15:07:09","date_gmt":"2021-08-12T19:07:09","guid":{"rendered":"http:\/\/trabajosocial.ubiobio.cl\/?page_id=1082"},"modified":"2021-08-12T15:25:14","modified_gmt":"2021-08-12T19:25:14","slug":"dr-javier-leon","status":"publish","type":"page","link":"http:\/\/trabajosocial.ubiobio.cl\/?page_id=1082","title":{"rendered":"Dr. Javier Le\u00f3n"},"content":{"rendered":"\n<p class=\"has-text-align-center\">Escuela de Trabajo Social, sede Concepci\u00f3n \/ Correo: jleon@ubiobio.cl<\/p>\n\n\n\n<div class=\"wp-block-image is-style-default\"><figure class=\"aligncenter size-large is-resized\"><img loading=\"lazy\" src=\"http:\/\/trabajosocial.ubiobio.cl\/wp-content\/uploads\/2021\/08\/javier-2-1024x921.jpg\" alt=\"\" class=\"wp-image-1084\" width=\"414\" height=\"372\" srcset=\"http:\/\/trabajosocial.ubiobio.cl\/wp-content\/uploads\/2021\/08\/javier-2-1024x921.jpg 1024w, http:\/\/trabajosocial.ubiobio.cl\/wp-content\/uploads\/2021\/08\/javier-2-300x270.jpg 300w, http:\/\/trabajosocial.ubiobio.cl\/wp-content\/uploads\/2021\/08\/javier-2-768x691.jpg 768w, http:\/\/trabajosocial.ubiobio.cl\/wp-content\/uploads\/2021\/08\/javier-2-1536x1381.jpg 1536w, http:\/\/trabajosocial.ubiobio.cl\/wp-content\/uploads\/2021\/08\/javier-2-2048x1842.jpg 2048w, http:\/\/trabajosocial.ubiobio.cl\/wp-content\/uploads\/2021\/08\/javier-2-720x647.jpg 720w\" sizes=\"(max-width: 414px) 100vw, 414px\" \/><\/figure><\/div>\n\n\n\n<h2>Formaci\u00f3n<\/h2>\n\n\n\n<ul><li>Doctor en Ciencia Pol\u00edtica (Universidad Aut\u00f3noma de Barcelona)<\/li><li>Magister en Pol\u00edticas Sociales y Gesti\u00f3n Local (Universidad de Artes y Ciencias Sociales)<\/li><li>Trabajo Social (Universidad de Concepci\u00f3n)<\/li><\/ul>\n\n\n\n<h2>Docencia<\/h2>\n\n\n\n<p><strong>2014 &#8211; 2021<\/strong><\/p>\n\n\n\n<ul><li>Pol\u00edticas P\u00fablicas y Pol\u00edticas Sociales<\/li><li>Seminario de Investigaci\u00f3n y Actividad de Titulaci\u00f3n<\/li><li>T\u00e9cnicas B\u00e1sicas de Intervenci\u00f3n e Intervenci\u00f3n Socio-educativa<\/li><\/ul>\n\n\n\n<h2>Investigaci\u00f3n<\/h2>\n\n\n\n<h4>Proyectos de investigaci\u00f3n relevantes<\/h4>\n\n\n\n<h5><strong>Proyectos con financiamiento externos a la Universidad<\/strong><\/h5>\n\n\n\n<ul><li>Innovaci\u00f3n P\u00fablica: Laboratorio de Gobierno Local para la regi\u00f3n del Biob\u00edo. Fondo de Innovaci\u00f3n para la Competitividad, FIC \u2013 Gobierno Regional del Biob\u00edo. (2018-2021)<\/li><li>M\u00e9trica Parlamentaria. Proyecto CORFO Innova Chile S\u00famate a Innovar (2020 \u2013 2021)<\/li><li>Climate change adaptation in informal settings: Understanding and reinforcing bottom-up initiatives in Latin America and the Caribbean. Conicyt &#8211; Programa Cooperaci\u00f3n Internacional (PCI) (2018-2020)<\/li><li>Dise\u00f1o e implementaci\u00f3n de un modelo para evaluar zonas de rezago y otras \u00e1reas territoriales. CORFO comit\u00e9 de desarrollo productivo de la regi\u00f3n del Biob\u00edo (2018)<\/li><li>Modelo de evaluaci\u00f3n de sustentabilidad para el dise\u00f1o de espacios p\u00fablicos de la VIII regi\u00f3n. CORFO comit\u00e9 de desarrollo productivo de la regi\u00f3n del Biob\u00edo (2016).<\/li><li>La Participaci\u00f3n ciudadana en las ERD. Estudio de casos de las regiones de Maule y B\u00edo-B\u00edo. Conicyt \u2013 Programa Becas Chile Doctorado en el Extranjero (2009 \u2013 2013)&nbsp;<\/li><li>Investigaci\u00f3n Buenas Pr\u00e1cticas de participaci\u00f3n y asociatividad para la promoci\u00f3n de la salud en la regi\u00f3n del Biob\u00edo. Conicyt Programa FONIS (2004 \u2013 2005)<\/li><li>Construcci\u00f3n de tejidos socio &#8211; productivos en entornos precarios, a partir de la gran empresa forestal maderera chilena, su inserci\u00f3n en los mercados globales y su crecimiento sostenible. Conicyt Programa PIA KAWAX (2006 \u2013 2007)<\/li><li>Innovaciones, trayectorias y v\u00ednculos entre sociedad civil y estado en la pol\u00edtica social chilena (1990 &#8211; 2005) programa: Fondecyt (2006 \u2013 2008)<\/li><\/ul>\n\n\n\n<h5><strong>Proyectos con financiamiento interno de la Universidad<\/strong><\/h5>\n\n\n\n<ul><li>Econom\u00eda pol\u00edtica en Chile y Am\u00e9rica Latina: Democracia, instituciones y participaci\u00f3n (2020 \u2013 2021).<\/li><li>Espacio, Sociedad y Conflicto (2019 \u2013 2021)<\/li><li>Las ferias campesinas en Concepci\u00f3n metropolitano. (re)generando el v\u00ednculo campo-ciudad (2019)<\/li><li>La variable espacial: buscando nuevas aproximaciones a los conflictos ambientales. (2018)<\/li><li>Sostenibilidad, resiliencia y regeneraci\u00f3n urbana (2015)<\/li><li>An\u00e1lisis e interpretaci\u00f3n del desarrollo de la ciudadan\u00eda en las pol\u00edticas p\u00fablicas en la regi\u00f3n del Biob\u00edo (2003)<\/li><li>An\u00e1lisis del proceso de descentralizaci\u00f3n en las pol\u00edticas sociales dirigidas a sectores sociales vulnerables y su impacto en la gesti\u00f3n local (2000)<\/li><\/ul>\n\n\n\n<h4>Art\u00edculos cient\u00edficos relevantes<\/h4>\n\n\n\n<ul><li>Deliberaci\u00f3n democr\u00e1tica y gobernanza en la participaci\u00f3n ciudadana local. El caso de los Consejos Comunales de la Sociedad Civil (COSOC), Biob\u00edo, Chile. 2020. Revista Desaf\u00edos Universidad del Rosario. Colombia. <a href=\"https:\/\/doi.org\/10.12804\/revistas.urosario.edu.co\/desafios\/a.7219\">https:\/\/doi.org\/10.12804\/revistas.urosario.edu.co\/desafios\/a.7219<\/a><\/li><li>Participaci\u00f3n ciudadana y movilidad sostenible: el caso del \u00e1rea metropolitana de Concepci\u00f3n, Chile 2019 &#8211; Revista de Urbanismo Universidad de Chile. <a href=\"https:\/\/doi.org\/10.5354\/0717-5051.2019.52227\">https:\/\/doi.org\/10.5354\/0717-5051.2019.52227<\/a><\/li><\/ul>\n\n\n\n<ul><li>Desaf\u00edos para la Gobernanza en Espacios Periurbanos Metropolizados: el caso de Nongu\u00e9n, en Concepci\u00f3n, Chile. 2018. Revista Pensamiento y Acci\u00f3n Interdisciplinaria. Universidad Cat\u00f3lica del Maule. <a href=\"https:\/\/doi.org\/10.29035\/pai.4.2.24\">https:\/\/doi.org\/10.29035\/pai.4.2.24<\/a><\/li><li>Ciudadan\u00eda y Actor\u00eda Social. Las pol\u00edticas sociales focalizadas, Chile a 30 a\u00f1os del golpe de estado. 2003 &#8211; Revista de Pol\u00edticas P\u00fablicas, Universidade Federal do Maranh\u00e3o, Programa de P\u00f3s-Gradua\u00e7\u00e3o em Pol\u00edticas P\u00fablicas, Brasil. <a href=\"http:\/\/www.periodicoseletronicos.ufma.br\/index.php\/rppublica\/article\/view\/3747\">http:\/\/www.periodicoseletronicos.ufma.br\/index.php\/rppublica\/article\/view\/3747<\/a><\/li><\/ul>\n\n\n\n<ul><li>El proceso de descentralizaci\u00f3n y las fronteras de la ciudadan\u00eda. Estudio de caso. 2000 \u2013 Revista Theoria, Universidad del B\u00edo-B\u00edo. <a href=\"http:\/\/www.subdere.gov.cl\/documentacion\/el-proceso-de-descentralizaci%C3%B3n-en-chile-y-las-fronteras-de-la-ciudadan%C3%AD-estudio-de-ca\">http:\/\/www.subdere.gov.cl\/documentacion\/el-proceso-de-descentralizaci%C3%B3n-en-chile-y-las-fronteras-de-la-ciudadan%C3%AD-estudio-de-ca<\/a>.<\/li><\/ul>\n\n\n\n<ul><li>Factores que obstaculizan la participaci\u00f3n social: opini\u00f3n de dirigentes sociales. Un estudio exploratorio 1998 \u2013 Revista Theoria, Universidad del B\u00edo-B\u00edo. <a href=\"http:\/\/www.ts.ucr.ac.cr\/binarios\/congresos\/reg\/slets\/slets-016-025.pdf\">http:\/\/www.ts.ucr.ac.cr\/binarios\/congresos\/reg\/slets\/slets-016-025.pdf<\/a><\/li><\/ul>\n\n\n\n<h4>Libros y cap\u00edtulos de libro<\/h4>\n\n\n\n<h5>Libros<\/h5>\n\n\n\n<ul><li>Pol\u00edticas sociales para un nuevo siglo: \u00bfla nueva cuesti\u00f3n social? Ediciones Universidad del B\u00edo-B\u00edo, Chile. 2002. <a href=\"http:\/\/edicionesubiobio.cl\/#Biblioteca_en_linea.14\">http:\/\/edicionesubiobio.cl\/#Biblioteca_en_linea.14<\/a><\/li><li>Discursos y Pr\u00e1cticas de Ciudadan\u00eda. Debates desde la regi\u00f3n del B\u00edo-B\u00edo. Ediciones Universidad del B\u00edo-B\u00edo, Chile 2006. <a href=\"http:\/\/edicionesubiobio.cl\/#Catalogo_por_Autores.21\">http:\/\/edicionesubiobio.cl\/#Catalogo_por_Autores.21<\/a><\/li><li>Presupuestos participativos: construyendo gobierno local. Agencia para la cooperaci\u00f3n alemana GTZ &#8211; Universidad del B\u00edo-B\u00edo. Chile. 2004. ISBN: 956-7813-37-X<\/li><\/ul>\n\n\n\n<h5>Cap\u00edtulos de libros<\/h5>\n\n\n\n<ul><li><strong>Procesos participativos y conflicto socioambiental: desaf\u00edos para la intervenci\u00f3n social profesional.<\/strong> En: Espacialidades en la Intervenci\u00f3n Social: Debates para el Trabajo Social Latinoamericano. Editorial: RIL Editores, Chile, 2020, P\u00e1ginas 161-184<\/li><li><strong>An\u00e1lisis de la calidad deliberativa de las ERD: estudio de casos de dos regiones (B\u00edo-B\u00edo, Chile).<\/strong> En: Socializar conocimientos N\u00b02. Mirando a Chile desde la distancia.\u00bb Editorial: Red-Inche Ediciones, Chile, 2014, P\u00e1ginas 632-665<\/li><li><strong>La ciudadan\u00eda en la medida de lo posible. Aportes para una autocr\u00edtica a la reflexi\u00f3n complaciente.<\/strong> En: Discursos y Pr\u00e1cticas de Ciudadan\u00eda. Debates desde la regi\u00f3n del B\u00edo-B\u00edo. Ediciones Universidad del B\u00edo-B\u00edo, Chile, 2006, P\u00e1ginas 37-46<\/li><li><strong>L\u00edmites y desaf\u00edos de la ciudadan\u00eda en experiencias premiadas por el Programa de Ciudadan\u00eda y Gesti\u00f3n Local en la regi\u00f3n del Biob\u00edo.<\/strong> En: Iniciativas Locales y Ciudadan\u00eda hacia un Chile Democr\u00e1tico. \u00bb LOM Ediciones, Chile, 2003, P\u00e1ginas 231 235<\/li><li><strong>Articulaci\u00f3n social, p\u00fablica y privada para el desarrollo de Menque, Tom\u00e9.<\/strong> En: Ampliando la ciudadan\u00eda, promoviendo la participaci\u00f3n: 30 innovaciones locales. LOM Ediciones Ltda, Chile, 2003, P\u00e1ginas 461-491<\/li><li><strong>Imagen y Educaci\u00f3n: proyecci\u00f3n y reflejos para el fortalecimiento del desarrollo local. Telescuela, canal 37 Tom\u00e9.<\/strong> En: Espacios Locales y Desarrollo de la Ciudadan\u00eda. 30 innovaciones para construir democracia. Fundaci\u00f3n para la Superaci\u00f3n de la Pobreza &#8211; Centro de an\u00e1lisis de pol\u00edticas p\u00fablicas Universidad de Chile, Chile 2001, P\u00e1ginas 601- 627<\/li><li><strong>Abriendo espacios para un nuevo sujeto. Parlamento Provincial del Adulto Mayor<\/strong>. En: Espacios Locales y Desarrollo de la Ciudadan\u00eda. 30 innovaciones para construir democracia. Fundaci\u00f3n para la Superaci\u00f3n de la Pobreza &#8211; Centro de an\u00e1lisis de pol\u00edticas p\u00fablicas Universidad de Chile, Chile, 2001, P\u00e1ginas 807 828<\/li><\/ul>\n\n\n\n<p><strong>Informes t\u00e9cnicos y manuales<\/strong><\/p>\n\n\n\n<ul><li>Plataforma de medici\u00f3n y evaluaci\u00f3n territorial (PLAMET). 2019. Chile, Inscripci\u00f3n N\u00b0: 2020-A-8824. Universidad del B\u00edo-B\u00edo. Varios Autores.\u00a0<\/li><li>Diagn\u00f3stico Territorial Provincia de Arauco A\u00f1o 2019. Plan de Desarrollo para Territorios Rezagados. 2019. Chile, Inscripci\u00f3n N\u00b0: 2021-A-2338. Universidad del B\u00edo-B\u00edo Varios Autores<\/li><li>Manual para la construcci\u00f3n de un diagn\u00f3stico territorial. 2019. Chile. Inscripci\u00f3n N\u00b0: 2021-A-4637. Universidad del B\u00edo-B\u00edo. Varios Autores.<\/li><li>Identidad e identidades en la regi\u00f3n del Biob\u00edo. 2011 \u2013 Revista Estudios Regionales 34. CEUR. Universidad del B\u00edo-B\u00edo (Concepci\u00f3n).<\/li><li>Resultados del estudio de l\u00ednea base: Coordinaci\u00f3n Interministerial de Participaci\u00f3n Ciudadana de la Regi\u00f3n del B\u00edo-B\u00edo. (CIPAC) Santiago, Chile: Sociedad Alemana de Cooperaci\u00f3n T\u00e9cnica GTZ, 2008.<\/li><li>Buenas Pr\u00e1cticas de Participaci\u00f3n y Asociatividad para la Promoci\u00f3n de Salud. CET-SUR &#8211; Universidad del B\u00edo-B\u00edo, Chile, 2006.<\/li><\/ul>\n\n\n\n<h2><strong>Vinculaci\u00f3n con el medio<\/strong><\/h2>\n\n\n\n<h5><strong>Asistencias T\u00e9cnica y Asesor\u00edas<\/strong><\/h5>\n\n\n\n<ul><li>Dise\u00f1o e implementaci\u00f3n de un observatorio laboral Biob\u00edo ttp:\/\/observatoriobiobio.cl\/ Banotic &#8211; SENCE (2017 \u2013 2021)<\/li><li>Actualizaci\u00f3n plan de desarrollo comunal comuna de Curanilahue Municipalidad De Curanilahue Departamento De Planificaci\u00f3n (2018 \u2013 2019)<\/li><li>Actualizaci\u00f3n del Plan de Desarrollo Comunal de Chill\u00e1n&nbsp; <a href=\"https:\/\/www.municipalidadchillan.cl\/sitio\/documentos\/Informe_Pladeco_Chillan.pdf\">https:\/\/www.municipalidadchillan.cl\/sitio\/documentos\/Informe_Pladeco_Chillan.pdf<\/a> Municipalidad de Chill\u00e1n (2018 \u2013 2019)<\/li><li>Plan maestro de desarrollo del borde lacustre en sector puerto las rosas Universidad del B\u00edo-B\u00edo (2018-2019)<\/li><li>Dise\u00f1o de reglamento regional y planificaci\u00f3n estrat\u00e9gica de la participaci\u00f3n ciudadana en la regi\u00f3n Gobierno regional del Biob\u00edo (2017 \u2013 2018)<\/li><li>Estudio plan de movilidad sostenible para el \u00e1rea Metropolitana de Concepci\u00f3n Gobierno Regional del Biob\u00edo (2017 \u2013 2018)<\/li><li>Instalaci\u00f3n de consejo regional de la sociedad civil y propuesta de mecanismos de Participaci\u00f3n Gobierno regional del Biob\u00edo (2016 \u2013 2017)<\/li><li>Desarrollo de la consulta ciudadana del anteproyecto programa para la recuperaci\u00f3n ambiental y social de la comuna de coronel Subsecretar\u00eda Del Medioambiente (2017)<\/li><li>Dise\u00f1o de Pol\u00edtica de Fomento Productivo para la regi\u00f3n del Biob\u00edo Gobierno Regional del Biob\u00edo (2017)<\/li><li>Actualizaci\u00f3n y elaboraci\u00f3n plan de desarrollo comunal de Talcahuano Municipalidad de Talcahuano (2015 \u2013 2016)<\/li><li>Plan maestro y parque urbano Hualp\u00e9n suma, comuna de Hualp\u00e9n Enap Biob\u00edo (2015 \u2013 2016)<\/li><li>Dise\u00f1o e implementaci\u00f3n de un modelo para evaluar zonas de rezago y otras \u00e1reas territoriales Comit\u00e9 de desarrollo productivo de la regi\u00f3n del Biob\u00edo (2018 \u2013 2020)<\/li><li>Estrategia regional de desarrollo (ERD) 2015-2030 Gobierno Regional del Biob\u00edo (2014 \u2013 2015)<\/li><li>Estudio de an\u00e1lisis de contexto, actores y de grupos de inter\u00e9s, para el desarrollo social, econ\u00f3mico Endesa Chile (2015)<\/li><li>Identidad e identidades en la regi\u00f3n del Biob\u00edo. Gobierno Regional del B\u00edo-B\u00edo \u2013 Subdere (2009 \u2013 2010)&nbsp;<\/li><li>An\u00e1lisis y sistematizaci\u00f3n de la estrategia regional de desarrollo de la regi\u00f3n del Biob\u00edo 2008-2015 Gobierno Regional del Biob\u00edo (2008 \u2013 2009)<\/li><li>Estudio de caso para la instalaci\u00f3n de una mesa de sociedad civil y propuesta de curso para sociedad civil en el territorio reconversi\u00f3n Sociedad Alemana para la Cooperaci\u00f3n T\u00e9cnica (GTZ) (2008)<\/li><\/ul>\n\n\n\n<h5><strong>Proyectos de Extensi\u00f3n<\/strong><\/h5>\n\n\n\n<ul><li>Comit\u00e9 Cient\u00edfico III Congresso internacional de Pol\u00edtica Social e Servi\u00e7o Social: desafios contempor\u00e2neos, e o IV Semin\u00e1rio Nacional de Territ\u00f3rio e Gest\u00e3o de Pol\u00edticas Sociais, e III Congresso de direito \u00e0 cidade e justi\u00e7a ambiental. Universidad Estudual de Londrina Brasil. 2019.<\/li><li>Comit\u00e9 Cient\u00edfico 9\u00b0 Encuentro Readu red de acad\u00e9micos de dise\u00f1o urbano: fronteras transitadas y nuevos desaf\u00edos interdisciplinares. 2019.<\/li><li>Seminario Internacional Experimentando la Innovaci\u00f3n P\u00fablica. Laboratorio de Gobierno UBB &#8211; Gobierno Regional del Biob\u00edo \u2013 2018.<\/li><li>Experiencia de diagn\u00f3stico territorial transdisciplinario en comunidades aleda\u00f1as a las lagunas urbanas de la comuna de Concepci\u00f3n 2017 Facultad de Arquitectura y Escuela de Trabajo Social \u2013 Sede Concepci\u00f3n.<\/li><li>Seminario Red de Investigaci\u00f3n-Acci\u00f3n sobre especialidades en la Intervenci\u00f3n Social. 2019.<\/li><\/ul>\n\n\n\n<h2>Otros antecedentes<\/h2>\n\n\n\n<ul><li>1990 \u2013 1995 Corporaci\u00f3n SEPADE. Profesional Programa Participaci\u00f3n Social<\/li><li>1996 a la fecha Acad\u00e9mico del Departamento de Ciencias Sociales UBB.<\/li><li>2004 Director Escuela Trabajo Social Chill\u00e1n<\/li><li>2006 Jefe Carrera Trabajo Social Sede Concepci\u00f3n.<\/li><li>2006 \u2013 2009 Director Desarrollo Estudiantil Universidad del B\u00edo-B\u00edo.<\/li><li>2004-2006\/2014 \u2013 2018 Director Programa Pol\u00edticas P\u00fablicas y Ciudadan\u00eda Universidad del B\u00edo-B\u00edo<\/li><li>2009-2013 Becado CONICYT Estudios de Doctorado en Barcelona, Espa\u00f1a.<\/li><li>2021 Investigador del Centro de Estudios Territoriales e Interdisciplinarios CETI-UBB<\/li><\/ul>\n\n\n\n<p><\/p>\n","protected":false},"excerpt":{"rendered":"<p>Escuela de Trabajo Social, sede Concepci\u00f3n \/ Correo: jleon@ubiobio.cl Doctor en Ciencia Pol\u00edtica (Universidad Aut\u00f3noma de Barcelona) Magister en Pol\u00edticas Sociales y Gesti\u00f3n Local (Universidad de Artes y Ciencias Sociales) Trabajo Social (Universidad de Concepci\u00f3n) Docencia 2014 &#8211; 2021 Pol\u00edticas P\u00fablicas y Pol\u00edticas Sociales Seminario de Investigaci\u00f3n y Actividad de Titulaci\u00f3n T\u00e9cnicas B\u00e1sicas de Intervenci\u00f3n [&hellip;]<\/p>\n","protected":false},"author":5,"featured_media":0,"parent":0,"menu_order":0,"comment_status":"closed","ping_status":"closed","template":"","meta":{"pgc_sgb_lightbox_settings":""},"_links":{"self":[{"href":"http:\/\/trabajosocial.ubiobio.cl\/index.php?rest_route=\/wp\/v2\/pages\/1082"}],"collection":[{"href":"http:\/\/trabajosocial.ubiobio.cl\/index.php?rest_route=\/wp\/v2\/pages"}],"about":[{"href":"http:\/\/trabajosocial.ubiobio.cl\/index.php?rest_route=\/wp\/v2\/types\/page"}],"author":[{"embeddable":true,"href":"http:\/\/trabajosocial.ubiobio.cl\/index.php?rest_route=\/wp\/v2\/users\/5"}],"replies":[{"embeddable":true,"href":"http:\/\/trabajosocial.ubiobio.cl\/index.php?rest_route=%2Fwp%2Fv2%2Fcomments&post=1082"}],"version-history":[{"count":4,"href":"http:\/\/trabajosocial.ubiobio.cl\/index.php?rest_route=\/wp\/v2\/pages\/1082\/revisions"}],"predecessor-version":[{"id":1091,"href":"http:\/\/trabajosocial.ubiobio.cl\/index.php?rest_route=\/wp\/v2\/pages\/1082\/revisions\/1091"}],"wp:attachment":[{"href":"http:\/\/trabajosocial.ubiobio.cl\/index.php?rest_route=%2Fwp%2Fv2%2Fmedia&parent=1082"}],"curies":[{"name":"wp","href":"https:\/\/api.w.org\/{rel}","templated":true}]}}