{"id":1066,"date":"2021-08-04T18:38:41","date_gmt":"2021-08-04T22:38:41","guid":{"rendered":"http:\/\/trabajosocial.ubiobio.cl\/?page_id=1066"},"modified":"2021-09-15T15:25:58","modified_gmt":"2021-09-15T18:25:58","slug":"mision-y-vision","status":"publish","type":"page","link":"http:\/\/trabajosocial.ubiobio.cl\/?page_id=1066","title":{"rendered":"Misi\u00f3n y Visi\u00f3n"},"content":{"rendered":"\n<p><\/p>\n\n\n\n<h2>Misi\u00f3n<\/h2>\n\n\n\n<p>Formar Trabajadores y Trabajadoras sociales integrales, cr\u00edticos\/as y comprometidos\/as socialmente, capaces de desarrollar procesos de intervenci\u00f3n social, de distinta complejidad en los niveles individuales-familiares, grupales, comunitarios y organizacionales-institucionales, seg\u00fan una perspectiva fundada, situada y reflexiva; desarrollar procesos de investigaci\u00f3n social que permitan producir y sistematizar conocimientos con \u00e9nfasis en realidades sociales locales y regionales, adem\u00e1s de articular relaciones bidireccionales con el entorno social e institucional, tanto como procesos de discusi\u00f3n e innovaci\u00f3n sobre el Trabajo Social, con especial \u00e9nfasis en las regiones de \u00d1uble y Biob\u00edo, y resto del pa\u00eds.<\/p>\n\n\n\n<h2>Visi\u00f3n<\/h2>\n\n\n\n<p>La Escuela de Trabajo Social de la Universidad del B\u00edo-B\u00edo busca constituirse en un referente para el desarrollo profesional-disciplinario en los \u00e1mbitos de intervenci\u00f3n y generaci\u00f3n del conocimiento, a nivel regional, con proyecci\u00f3n a nivel nacional; garantizando una formaci\u00f3n integral y de calidad, promoviendo los valores asociados al desarrollo humano y a la participaci\u00f3n social.<\/p>\n","protected":false},"excerpt":{"rendered":"<p>Misi\u00f3n Formar Trabajadores y Trabajadoras sociales integrales, cr\u00edticos\/as y comprometidos\/as socialmente, capaces de desarrollar procesos de intervenci\u00f3n social, de distinta complejidad en los niveles individuales-familiares, grupales, comunitarios y organizacionales-institucionales, seg\u00fan una perspectiva fundada, situada y reflexiva; desarrollar procesos de investigaci\u00f3n social que permitan producir y sistematizar conocimientos con \u00e9nfasis en realidades sociales locales y regionales, [&hellip;]<\/p>\n","protected":false},"author":8,"featured_media":0,"parent":0,"menu_order":0,"comment_status":"closed","ping_status":"closed","template":"","meta":{"pgc_sgb_lightbox_settings":""},"_links":{"self":[{"href":"http:\/\/trabajosocial.ubiobio.cl\/index.php?rest_route=\/wp\/v2\/pages\/1066"}],"collection":[{"href":"http:\/\/trabajosocial.ubiobio.cl\/index.php?rest_route=\/wp\/v2\/pages"}],"about":[{"href":"http:\/\/trabajosocial.ubiobio.cl\/index.php?rest_route=\/wp\/v2\/types\/page"}],"author":[{"embeddable":true,"href":"http:\/\/trabajosocial.ubiobio.cl\/index.php?rest_route=\/wp\/v2\/users\/8"}],"replies":[{"embeddable":true,"href":"http:\/\/trabajosocial.ubiobio.cl\/index.php?rest_route=%2Fwp%2Fv2%2Fcomments&post=1066"}],"version-history":[{"count":3,"href":"http:\/\/trabajosocial.ubiobio.cl\/index.php?rest_route=\/wp\/v2\/pages\/1066\/revisions"}],"predecessor-version":[{"id":1146,"href":"http:\/\/trabajosocial.ubiobio.cl\/index.php?rest_route=\/wp\/v2\/pages\/1066\/revisions\/1146"}],"wp:attachment":[{"href":"http:\/\/trabajosocial.ubiobio.cl\/index.php?rest_route=%2Fwp%2Fv2%2Fmedia&parent=1066"}],"curies":[{"name":"wp","href":"https:\/\/api.w.org\/{rel}","templated":true}]}}